{"id":1047,"date":"2020-12-11T10:57:09","date_gmt":"2020-12-11T10:57:09","guid":{"rendered":"https:\/\/iesnapa.educacion.navarra.es\/web\/?page_id=1047"},"modified":"2025-06-10T12:26:53","modified_gmt":"2025-06-10T10:26:53","slug":"felix-urabayen","status":"publish","type":"page","link":"https:\/\/iesnapa.educacion.navarra.es\/web\/el-centro\/felix-urabayen\/","title":{"rendered":"F\u00e9lix Urabayen"},"content":{"rendered":"<div class=\"wpb-content-wrapper\"><p>[vc_row row_height_percent=\u00bb0&#8243; override_padding=\u00bbyes\u00bb h_padding=\u00bb5&#8243; top_padding=\u00bb2&#8243; bottom_padding=\u00bb2&#8243; back_color=\u00bbarena-urabayen\u00bb overlay_alpha=\u00bb50&#8243; gutter_size=\u00bb2&#8243; column_width_percent=\u00bb100&#8243; shift_y=\u00bb0&#8243; z_index=\u00bb0&#8243; el_class=\u00bbinforma\u00bb][vc_column column_width_percent=\u00bb100&#8243; gutter_size=\u00bb3&#8243; overlay_alpha=\u00bb50&#8243; shift_x=\u00bb0&#8243; shift_y=\u00bb0&#8243; shift_y_down=\u00bb0&#8243; z_index=\u00bb0&#8243; medium_width=\u00bb0&#8243; mobile_width=\u00bb0&#8243; width=\u00bb1\/1&#8243;][vc_custom_heading heading_semantic=\u00bbh3&#8243; text_size=\u00bbh3&#8243;]<span class=\"heading-text-highlight \" data-atts='{\"bg\":\"style-subrayado-titulos-bg\",\"height\":\"13%\",\"offset\":\"0.0em\",\"opacity\":\"1\",\"animated\":\"yes\"}'>\u00bfQui\u00e9n fue F\u00e9lix Urabayen?<\/span>[\/vc_custom_heading][vc_row_inner][vc_column_inner width=\u00bb1\/3&#8243;][vc_single_image media=\u00bb1055&#8243; media_width_use_pixel=\u00bbyes\u00bb alignment=\u00bbcenter\u00bb media_width_pixel=\u00bb200px\u00bb][\/vc_column_inner][vc_column_inner width=\u00bb2\/3&#8243;][vc_column_text css=\u00bb.vc_custom_1749551210612{margin-top: 8px !important;}\u00bb uncode_shortcode_id=\u00bb931862&#8243;]F\u00e9lix Urabayen Guindo (Ulzurrun, 1883 &#8211; Madrid, 1943) fue uno de los novelistas m\u00e1s destacados de la literatura espa\u00f1ola durante el primer tercio del siglo XX.<\/p>\n<p>Autor de El barrio maldito, La \u00faltima cig\u00fce\u00f1a, Centauros del Pirineo y Toledo: Piedad, entre otras obras, ejerci\u00f3 como maestro en varias localidades navarras para trasladarse m\u00e1s tarde a Toledo, donde sigui\u00f3 ejerciendo la docencia y dirigi\u00f3 la Escuela Normal de Magisterio. Tras la guerra civil fue procesado y condenado a pena de c\u00e1rcel por su colaboraci\u00f3n con la Rep\u00fablica hasta que, gravemente enfermo, fue puesto en libertad en 1942 y muri\u00f3 pocos meses despu\u00e9s.<\/p>\n<p>Puedes ver <a href=\"https:\/\/iesnapa.educacion.navarra.es\/web\/blog\/25aniversario\/\">aqu\u00ed<\/a> diversa informaci\u00f3n sobre F\u00e9lix Urabayen recogida con motivo de la celebraci\u00f3n del 25 aniversario de la denominaci\u00f3n del IESNAPA como F\u00e9lix Urabayen.[\/vc_column_text][\/vc_column_inner][\/vc_row_inner][\/vc_column][\/vc_row]<\/p>\n<\/div>","protected":false},"excerpt":{"rendered":"<p>[vc_row row_height_percent=\u00bb0&#8243; override_padding=\u00bbyes\u00bb h_padding=\u00bb5&#8243; top_padding=\u00bb2&#8243; bottom_padding=\u00bb2&#8243; back_color=\u00bbarena-urabayen\u00bb overlay_alpha=\u00bb50&#8243; gutter_size=\u00bb2&#8243; column_width_percent=\u00bb100&#8243; shift_y=\u00bb0&#8243; z_index=\u00bb0&#8243; el_class=\u00bbinforma\u00bb][vc_column column_width_percent=\u00bb100&#8243; gutter_size=\u00bb3&#8243; overlay_alpha=\u00bb50&#8243; shift_x=\u00bb0&#8243; shift_y=\u00bb0&#8243; shift_y_down=\u00bb0&#8243; z_index=\u00bb0&#8243; [&hellip;]<\/p>\n","protected":false},"author":1,"featured_media":1035,"parent":750,"menu_order":0,"comment_status":"closed","ping_status":"closed","template":"","meta":{"footnotes":""},"class_list":["post-1047","page","type-page","status-publish","has-post-thumbnail","hentry","page_category-el-centro"],"_links":{"self":[{"href":"https:\/\/iesnapa.educacion.navarra.es\/web\/wp-json\/wp\/v2\/pages\/1047"}],"collection":[{"href":"https:\/\/iesnapa.educacion.navarra.es\/web\/wp-json\/wp\/v2\/pages"}],"about":[{"href":"https:\/\/iesnapa.educacion.navarra.es\/web\/wp-json\/wp\/v2\/types\/page"}],"author":[{"embeddable":true,"href":"https:\/\/iesnapa.educacion.navarra.es\/web\/wp-json\/wp\/v2\/users\/1"}],"replies":[{"embeddable":true,"href":"https:\/\/iesnapa.educacion.navarra.es\/web\/wp-json\/wp\/v2\/comments?post=1047"}],"version-history":[{"count":7,"href":"https:\/\/iesnapa.educacion.navarra.es\/web\/wp-json\/wp\/v2\/pages\/1047\/revisions"}],"predecessor-version":[{"id":5248,"href":"https:\/\/iesnapa.educacion.navarra.es\/web\/wp-json\/wp\/v2\/pages\/1047\/revisions\/5248"}],"up":[{"embeddable":true,"href":"https:\/\/iesnapa.educacion.navarra.es\/web\/wp-json\/wp\/v2\/pages\/750"}],"wp:featuredmedia":[{"embeddable":true,"href":"https:\/\/iesnapa.educacion.navarra.es\/web\/wp-json\/wp\/v2\/media\/1035"}],"wp:attachment":[{"href":"https:\/\/iesnapa.educacion.navarra.es\/web\/wp-json\/wp\/v2\/media?parent=1047"}],"curies":[{"name":"wp","href":"https:\/\/api.w.org\/{rel}","templated":true}]}}