{"id":1064,"date":"2025-10-20T11:22:01","date_gmt":"2025-10-20T09:22:01","guid":{"rendered":"https:\/\/iesnapa.educacion.navarra.es\/web\/?page_id=1064"},"modified":"2025-11-25T10:42:05","modified_gmt":"2025-11-25T09:42:05","slug":"organos-de-gobierno","status":"publish","type":"page","link":"https:\/\/iesnapa.educacion.navarra.es\/web\/el-centro\/organos-de-gobierno\/","title":{"rendered":"\u00d3rganos de gobierno"},"content":{"rendered":"<div class=\"wpb-content-wrapper\"><p>[vc_row row_height_percent=\u00bb0&#8243; override_padding=\u00bbyes\u00bb h_padding=\u00bb5&#8243; top_padding=\u00bb2&#8243; bottom_padding=\u00bb2&#8243; back_color=\u00bbarena-urabayen\u00bb overlay_alpha=\u00bb50&#8243; gutter_size=\u00bb1&#8243; column_width_percent=\u00bb100&#8243; shift_y=\u00bb0&#8243; z_index=\u00bb0&#8243; el_class=\u00bbinforma\u00bb][vc_column column_width_percent=\u00bb100&#8243; position_horizontal=\u00bbleft\u00bb gutter_size=\u00bb3&#8243; overlay_alpha=\u00bb50&#8243; shift_x=\u00bb0&#8243; shift_y=\u00bb0&#8243; shift_y_down=\u00bb0&#8243; z_index=\u00bb0&#8243; medium_width=\u00bb0&#8243; mobile_width=\u00bb0&#8243; width=\u00bb1\/2&#8243;][vc_custom_heading heading_semantic=\u00bbh3&#8243; text_size=\u00bbh3&#8243; uncode_shortcode_id=\u00bb927532&#8243;]<span class=\"heading-text-highlight \" data-atts='{\"bg\":\"style-subrayado-titulos-bg\",\"height\":\"13%\",\"offset\":\"0.0em\",\"opacity\":\"1\",\"animated\":\"yes\"}'>Equipo directivo<\/span>[\/vc_custom_heading][vc_column_text text_lead=\u00bbyes\u00bb css=\u00bb.vc_custom_1761147999715{margin-top: 8px !important;}\u00bb uncode_shortcode_id=\u00bb495247&#8243;]<strong>Director:<\/strong>\u00a0\u00d3scar Gilarrondo Miguel<br \/>\n<strong>Vicedirectora:<\/strong> Elena Vall\u00e9s Iriso<br \/>\n<strong>Jefe de Estudios:<\/strong> Laura Berm\u00fadez Monge<br \/>\n<strong>Secretario:<\/strong>\u00a0Ram\u00f3n Munsuri Fern\u00e1ndez[\/vc_column_text][vc_custom_heading uncode_shortcode_id=\u00bb874809&#8243;]<span class=\"heading-text-highlight \" data-atts='{\"bg\":\"style-subrayado-titulos-bg\",\"height\":\"13%\",\"offset\":\"0.0em\",\"opacity\":\"1\",\"animated\":\"yes\"}'>Departamentos did\u00e1cticos<\/span>[\/vc_custom_heading][vc_column_text uncode_shortcode_id=\u00bb213104&#8243;]<a href=\"https:\/\/iesnapa.educacion.navarra.es\/web\/wp-content\/uploads\/2025\/01\/Miembros-de-departamentos-2024-25-para-web.pdf\">Departamentos did\u00e1cticos<\/a>[\/vc_column_text][vc_custom_heading uncode_shortcode_id=\u00bb124867&#8243;]<span class=\"heading-text-highlight \" data-atts='{\"bg\":\"style-subrayado-titulos-bg\",\"height\":\"13%\",\"offset\":\"0.0em\",\"opacity\":\"1\",\"animated\":\"yes\"}'>Servicio de Orientaci\u00f3n<\/span>[\/vc_custom_heading][vc_column_text uncode_shortcode_id=\u00bb127199&#8243;]Carmen Al\u00f3s Gil<\/p>\n<p>[\/vc_column_text][vc_custom_heading uncode_shortcode_id=\u00bb785154&#8243;]<span class=\"heading-text-highlight \" data-atts='{\"bg\":\"style-subrayado-titulos-bg\",\"height\":\"13%\",\"offset\":\"0.0em\",\"opacity\":\"1\",\"animated\":\"yes\"}'>Comisi\u00f3n de Convivencia<\/span><\/p>\n<p>[\/vc_custom_heading][vc_column_text uncode_shortcode_id=\u00bb247342&#8243;]<strong>Jefe de estudios:\u00a0<\/strong><\/p>\n<p>Laura Berm\u00fadez Monge<\/p>\n<p><strong>Representantes del profesorado:<\/strong><\/p>\n<p>Emilia Hern\u00e1ndez<\/p>\n<p>Ana Sanz<\/p>\n<p><strong>Representantes del alumnado:<\/strong><\/p>\n<p>Jos\u00e9 Daniel Ard\u00f3n<\/p>\n<p>Yon Basauri<\/p>\n<p>&nbsp;<\/p>\n<p>[\/vc_column_text][\/vc_column][vc_column width=\u00bb1\/2&#8243;][vc_custom_heading heading_semantic=\u00bbh3&#8243; text_size=\u00bbh3&#8243;]<span class=\"heading-text-highlight \" data-atts='{\"bg\":\"style-subrayado-titulos-bg\",\"height\":\"13%\",\"offset\":\"0.0em\",\"opacity\":\"1\",\"animated\":\"yes\"}'>Consejo escolar<\/span>[\/vc_custom_heading][vc_column_text css=\u00bb.vc_custom_1764063701731{margin-top: 8px !important;}\u00bb uncode_shortcode_id=\u00bb659689&#8243;]<strong>Presidente:<\/strong> \u00d3scar Gilarrondo Miguel<\/p>\n<p><strong>Secretario: <\/strong>Ram\u00f3n Munsuri Fern\u00e1ndez<\/p>\n<p><strong>Jefe de Estudios:<\/strong> Laura Berm\u00fadez Monge<\/p>\n<p><strong>Representantes del profesorado:<\/strong><\/p>\n<p>Ra\u00fal Abad\u00edas Cam\u00f3n<\/p>\n<p>Carlos Acedo Fern\u00e1ndez<\/p>\n<p>Eva Agudo Arrar\u00e1s<\/p>\n<p>Pedro J. Garc\u00eda L\u00f3pez de Dicastillo<\/p>\n<p>Victoria Rold\u00e1n Fern\u00e1ndez<\/p>\n<p>Esther Villacast\u00edn Lasa<\/p>\n<p><strong>Representante del Personal de Administraci\u00f3n y Servicios<\/strong>:<\/p>\n<p>Lourdes \u00c1lava<\/p>\n<p><strong>Representante del Ayuntamiento de Pamplona<\/strong>:<\/p>\n<p>Juan Jos\u00e9 Echeverr\u00eda Iriarte<\/p>\n<p><strong>Representantes del alumnado:<\/strong><\/p>\n<p>Pedro Jes\u00fas Callejas Garc\u00eda<\/p>\n<p>Nieves Recalde Zaratiegui<\/p>\n<p>Cristina Mar\u00eda Bataista<\/p>\n<p>Yon Basauri Gosorabel<\/p>\n<p>Jos\u00e9 Daniel Ard\u00f3n Bustillo<\/p>\n<p>[\/vc_column_text][\/vc_column][\/vc_row]<\/p>\n<\/div>","protected":false},"excerpt":{"rendered":"<p>[vc_row row_height_percent=\u00bb0&#8243; override_padding=\u00bbyes\u00bb h_padding=\u00bb5&#8243; top_padding=\u00bb2&#8243; bottom_padding=\u00bb2&#8243; back_color=\u00bbarena-urabayen\u00bb overlay_alpha=\u00bb50&#8243; gutter_size=\u00bb1&#8243; column_width_percent=\u00bb100&#8243; shift_y=\u00bb0&#8243; z_index=\u00bb0&#8243; el_class=\u00bbinforma\u00bb][vc_column column_width_percent=\u00bb100&#8243; position_horizontal=\u00bbleft\u00bb gutter_size=\u00bb3&#8243; overlay_alpha=\u00bb50&#8243; shift_x=\u00bb0&#8243; shift_y=\u00bb0&#8243; shift_y_down=\u00bb0&#8243; [&hellip;]<\/p>\n","protected":false},"author":1,"featured_media":1035,"parent":750,"menu_order":0,"comment_status":"closed","ping_status":"closed","template":"","meta":{"footnotes":""},"class_list":["post-1064","page","type-page","status-publish","has-post-thumbnail","hentry","page_category-el-centro"],"_links":{"self":[{"href":"https:\/\/iesnapa.educacion.navarra.es\/web\/wp-json\/wp\/v2\/pages\/1064"}],"collection":[{"href":"https:\/\/iesnapa.educacion.navarra.es\/web\/wp-json\/wp\/v2\/pages"}],"about":[{"href":"https:\/\/iesnapa.educacion.navarra.es\/web\/wp-json\/wp\/v2\/types\/page"}],"author":[{"embeddable":true,"href":"https:\/\/iesnapa.educacion.navarra.es\/web\/wp-json\/wp\/v2\/users\/1"}],"replies":[{"embeddable":true,"href":"https:\/\/iesnapa.educacion.navarra.es\/web\/wp-json\/wp\/v2\/comments?post=1064"}],"version-history":[{"count":40,"href":"https:\/\/iesnapa.educacion.navarra.es\/web\/wp-json\/wp\/v2\/pages\/1064\/revisions"}],"predecessor-version":[{"id":5640,"href":"https:\/\/iesnapa.educacion.navarra.es\/web\/wp-json\/wp\/v2\/pages\/1064\/revisions\/5640"}],"up":[{"embeddable":true,"href":"https:\/\/iesnapa.educacion.navarra.es\/web\/wp-json\/wp\/v2\/pages\/750"}],"wp:featuredmedia":[{"embeddable":true,"href":"https:\/\/iesnapa.educacion.navarra.es\/web\/wp-json\/wp\/v2\/media\/1035"}],"wp:attachment":[{"href":"https:\/\/iesnapa.educacion.navarra.es\/web\/wp-json\/wp\/v2\/media?parent=1064"}],"curies":[{"name":"wp","href":"https:\/\/api.w.org\/{rel}","templated":true}]}}