{"id":1274,"date":"2020-12-17T11:33:12","date_gmt":"2020-12-17T11:33:12","guid":{"rendered":"https:\/\/iesnapa.educacion.navarra.es\/web\/?page_id=1274"},"modified":"2022-11-14T13:17:37","modified_gmt":"2022-11-14T12:17:37","slug":"departamento_de_orientacion","status":"publish","type":"page","link":"https:\/\/iesnapa.educacion.navarra.es\/web\/acceso-a-alumnos\/departamento_de_orientacion\/","title":{"rendered":"Departamento de orientaci\u00f3n"},"content":{"rendered":"<div class=\"wpb-content-wrapper\"><p>[vc_row row_height_percent=\u00bb0&#8243; override_padding=\u00bbyes\u00bb h_padding=\u00bb5&#8243; top_padding=\u00bb2&#8243; bottom_padding=\u00bb2&#8243; back_color=\u00bbarena-urabayen\u00bb overlay_alpha=\u00bb50&#8243; gutter_size=\u00bb3&#8243; column_width_percent=\u00bb100&#8243; shift_y=\u00bb0&#8243; z_index=\u00bb0&#8243; el_class=\u00bbinforma\u00bb][vc_column column_width_percent=\u00bb100&#8243; gutter_size=\u00bb3&#8243; overlay_alpha=\u00bb50&#8243; shift_x=\u00bb0&#8243; shift_y=\u00bb0&#8243; shift_y_down=\u00bb0&#8243; z_index=\u00bb0&#8243; medium_width=\u00bb0&#8243; mobile_width=\u00bb0&#8243; width=\u00bb1\/1&#8243; uncode_shortcode_id=\u00bb369403&#8243;][\/vc_column][\/vc_row][vc_row][vc_column width=\u00bb1\/1&#8243;][vc_column_text uncode_shortcode_id=\u00bb150156&#8243;]El departamento de orientaci\u00f3n ofrece los siguientes servicios al alumnado:<\/p>\n<ul>\n<li>Valoraci\u00f3n de necesidades educativas especiales y determinaci\u00f3n de ayudas espec\u00edficas.<\/li>\n<li>Entrevistas individuales para la orientaci\u00f3n de estudios. Para ello lo m\u00e1s conveniente es apuntarse en la agenda que se encuentra disponible en conserjer\u00eda.<\/li>\n<li>Tambi\u00e9n se podr\u00e1 realizar consultas por v\u00eda telef\u00f3nica (848430429) o e-mail (<a href=\"mailto:fu.orientacion@educacion.navarra.es\">orientacion@educacion.navarra.es<\/a>)<\/li>\n<li>Aula Virtual-Orientaci\u00f3n. En este apartado del aula virtual se pueden consultar las gu\u00edas de orientaci\u00f3n de estudios al finalizar la educaci\u00f3n secundaria o el bachillerato, informaci\u00f3n sobre las pruebas de acceso a ciclos de grado medio y superior, el acceso a la universidad para mayores de 25 a\u00f1os, etc.<\/li>\n<li>Sesiones de orientaci\u00f3n de estudios dirigidas a los alumnos\/as que finalizan la educaci\u00f3n secundaria. Se realizar\u00e1n en febrero.<\/li>\n<\/ul>\n<p><strong>Horario de atenci\u00f3n.<\/strong><\/p>\n<table>\n<tbody>\n<tr>\n<td width=\"95\"><\/td>\n<td width=\"113\">Lunes<\/td>\n<td width=\"66\">Martes<\/td>\n<td width=\"85\">Mi\u00e9rcoles<\/td>\n<td width=\"104\">Jueves<\/td>\n<td width=\"124\">Viernes<\/td>\n<\/tr>\n<tr>\n<td width=\"95\">Orientaci\u00f3n<\/td>\n<td width=\"113\">17.30-20<\/td>\n<td width=\"66\"><\/td>\n<td width=\"85\"><\/td>\n<td width=\"104\">11.30-13.30<\/td>\n<td width=\"124\"><\/td>\n<\/tr>\n<\/tbody>\n<\/table>\n<p><strong>\u00a0<\/strong>[\/vc_column_text][\/vc_column][\/vc_row]<\/p>\n<\/div>","protected":false},"excerpt":{"rendered":"<p>Aqu\u00ed tenemos que poner un breve res\u00famen acerca de qu\u00e9 nos vamos a encontrar en \u00e9sta secci\u00f3n<\/p>\n","protected":false},"author":1,"featured_media":792,"parent":789,"menu_order":0,"comment_status":"closed","ping_status":"closed","template":"","meta":{"footnotes":""},"class_list":["post-1274","page","type-page","status-publish","has-post-thumbnail","hentry","page_category-acceso-a-alumnos"],"_links":{"self":[{"href":"https:\/\/iesnapa.educacion.navarra.es\/web\/wp-json\/wp\/v2\/pages\/1274"}],"collection":[{"href":"https:\/\/iesnapa.educacion.navarra.es\/web\/wp-json\/wp\/v2\/pages"}],"about":[{"href":"https:\/\/iesnapa.educacion.navarra.es\/web\/wp-json\/wp\/v2\/types\/page"}],"author":[{"embeddable":true,"href":"https:\/\/iesnapa.educacion.navarra.es\/web\/wp-json\/wp\/v2\/users\/1"}],"replies":[{"embeddable":true,"href":"https:\/\/iesnapa.educacion.navarra.es\/web\/wp-json\/wp\/v2\/comments?post=1274"}],"version-history":[{"count":3,"href":"https:\/\/iesnapa.educacion.navarra.es\/web\/wp-json\/wp\/v2\/pages\/1274\/revisions"}],"predecessor-version":[{"id":3590,"href":"https:\/\/iesnapa.educacion.navarra.es\/web\/wp-json\/wp\/v2\/pages\/1274\/revisions\/3590"}],"up":[{"embeddable":true,"href":"https:\/\/iesnapa.educacion.navarra.es\/web\/wp-json\/wp\/v2\/pages\/789"}],"wp:featuredmedia":[{"embeddable":true,"href":"https:\/\/iesnapa.educacion.navarra.es\/web\/wp-json\/wp\/v2\/media\/792"}],"wp:attachment":[{"href":"https:\/\/iesnapa.educacion.navarra.es\/web\/wp-json\/wp\/v2\/media?parent=1274"}],"curies":[{"name":"wp","href":"https:\/\/api.w.org\/{rel}","templated":true}]}}