{"id":1507,"date":"2021-03-26T11:47:34","date_gmt":"2021-03-26T10:47:34","guid":{"rendered":"https:\/\/iesnapa.educacion.navarra.es\/web\/?page_id=1507"},"modified":"2025-06-10T12:42:50","modified_gmt":"2025-06-10T10:42:50","slug":"preguntas-frecuentes","status":"publish","type":"page","link":"https:\/\/iesnapa.educacion.navarra.es\/web\/acceso-a-alumnos\/preguntas-frecuentes\/","title":{"rendered":"Preguntas frecuentes"},"content":{"rendered":"<div class=\"wpb-content-wrapper\"><p>[vc_row row_height_percent=\u00bb0&#8243; override_padding=\u00bbyes\u00bb h_padding=\u00bb5&#8243; top_padding=\u00bb2&#8243; bottom_padding=\u00bb2&#8243; back_color=\u00bbarena-urabayen\u00bb overlay_alpha=\u00bb50&#8243; gutter_size=\u00bb3&#8243; column_width_percent=\u00bb100&#8243; shift_y=\u00bb0&#8243; z_index=\u00bb0&#8243; el_class=\u00bbinforma\u00bb][vc_column column_width_percent=\u00bb100&#8243; gutter_size=\u00bb3&#8243; overlay_alpha=\u00bb50&#8243; shift_x=\u00bb0&#8243; shift_y=\u00bb0&#8243; shift_y_down=\u00bb0&#8243; z_index=\u00bb0&#8243; medium_width=\u00bb0&#8243; mobile_width=\u00bb0&#8243; width=\u00bb1\/1&#8243;][vc_custom_heading heading_semantic=\u00bbh3&#8243; text_size=\u00bbh3&#8243;]<\/p>\n<pre><span class=\"heading-text-highlight \" data-atts='{\"bg\":\"style-subrayado-titulos-bg\",\"height\":\"13%\",\"offset\":\"0.0em\",\"opacity\":\"1\",\"animated\":\"yes\"}'>Preguntas m\u00e1s frecuentes<\/span><\/pre>\n<p>[\/vc_custom_heading][vc_row_inner row_inner_height_percent=\u00bb0&#8243; overlay_alpha=\u00bb50&#8243; gutter_size=\u00bb2&#8243; shift_y=\u00bb0&#8243; z_index=\u00bb0&#8243; limit_content=\u00bb\u00bb][vc_column_inner width=\u00bb1\/1&#8243;][vc_accordion typography=\u00bbyes\u00bb active_tab=\u00bbno\u00bb][vc_accordion_tab gutter_size=\u00bb2&#8243; column_padding=\u00bb2&#8243; title=\u00bb\u00bfQui\u00e9n puede solucionar mi problema?\u00bb tab_id=\u00bb1620312899459-5-9&#8243;][vc_column_text]Puedes acudir a este cuadro para saber a qui\u00e9n tienes que acudir para realizar cada gesti\u00f3n. Procura dirigirte a las personas que se mencionan para las distintas necesidades que te vayan surgiendo: as\u00ed ahorrar\u00e1s tiempo. Si necesitas algo que no aparece, dir\u00edgete a tu tutor\/a, directamente o a trav\u00e9s del correo.<\/p>\n<table border=\"5\" width=\"586\">\n<tbody>\n<tr>\n<td colspan=\"2\" width=\"586\"><span style=\"color: #333399;\"><strong>\u00bfQui\u00e9n puede solucionar mi problema?<\/strong><\/span><\/p>\n<hr \/>\n<\/td>\n<\/tr>\n<tr>\n<td width=\"283\"><strong><strong>Informaci\u00f3n general<\/strong><\/strong><\/p>\n<p>&nbsp;<\/p>\n<hr \/>\n<\/td>\n<td width=\"303\">En la web: <a href=\"https:\/\/iesnapa.educacion.navarra.es\/web\/\">https:\/\/iesnapa.educacion.navarra.es\/web\/<\/a><\/p>\n<p>En las <a href=\"mailto:https:\/\/iesnapa.educacion.navarra.es\/web\/acceso-a-alumnos\/guias-del-curso\/\">gu\u00edas del curso<\/a>.<\/p>\n<hr \/>\n<\/td>\n<\/tr>\n<tr>\n<td width=\"283\"><strong><strong>Horarios, organizaci\u00f3n de las clases, asuntos de disciplina.<\/strong><\/strong><\/p>\n<hr \/>\n<\/td>\n<td width=\"303\">Jefe de estudios, Director.<\/p>\n<hr \/>\n<\/td>\n<\/tr>\n<tr>\n<td width=\"283\"><strong>Cambios de examen<\/strong><\/p>\n<hr \/>\n<\/td>\n<td width=\"303\">Rellenar Instancia en Conserjer\u00eda dirigida al Jefe de estudios.<\/p>\n<hr \/>\n<\/td>\n<\/tr>\n<tr>\n<td width=\"283\"><strong>Solicitar cambio de matr\u00edcula<\/strong><\/p>\n<hr \/>\n<\/td>\n<td width=\"303\">Rellenar Instancia en Conserjer\u00eda dirigida a Direcci\u00f3n.<\/p>\n<hr \/>\n<\/td>\n<\/tr>\n<tr>\n<td width=\"283\"><strong>Faltas de asistencia, entrega de justificantes de faltas.<\/strong><\/p>\n<hr \/>\n<\/td>\n<td width=\"303\">Los justificantes de faltas se ense\u00f1an al profesor con quien hayas faltado y se entregan al tutor.<\/p>\n<hr \/>\n<\/td>\n<\/tr>\n<tr>\n<td width=\"283\"><strong>Problemas con profesores, problemas en el grupo.<\/strong><\/p>\n<hr \/>\n<\/td>\n<td width=\"303\">Los problemas con profesores se recomiendan tratarlos a trav\u00e9s del Delegado con el profesor. Si no se solucionaran, hablar con el Tutor.<\/p>\n<hr \/>\n<\/td>\n<\/tr>\n<tr>\n<td width=\"283\"><strong>Calificaciones<\/strong><\/p>\n<hr \/>\n<\/td>\n<td width=\"303\">Est\u00e1 previsto el proceso de revisi\u00f3n de ex\u00e1menes con el profesor correspondiente.<\/p>\n<hr \/>\n<\/td>\n<\/tr>\n<tr>\n<td width=\"283\"><strong><strong>Problemas de acceso al Aula Virtual<\/strong><\/strong><\/p>\n<p>&nbsp;<\/p>\n<hr \/>\n<\/td>\n<td width=\"303\">Dirigir un correo a <a href=\"mailto:fu.matematicas2@educacion.navarra.es\">fu.matematicas2@educacion.navarra.es<\/a><\/p>\n<p><a href=\"mailto:fu.matematicas3@educacion.navarra.es\">fu.matematicas3@educacion.navarra.es<\/a><\/p>\n<hr \/>\n<\/td>\n<\/tr>\n<tr>\n<td width=\"283\"><strong>Actividades culturales y extraescolares. <\/strong><\/p>\n<hr \/>\n<\/td>\n<td width=\"303\">Vicedirectora.<\/p>\n<hr \/>\n<\/td>\n<\/tr>\n<tr>\n<td width=\"283\"><strong>Orientaci\u00f3n escolar, profesional y personal. <\/strong><\/p>\n<hr \/>\n<\/td>\n<td width=\"303\">Orientadora. Solicitar cita en Conserjer\u00eda.<\/p>\n<hr \/>\n<\/td>\n<\/tr>\n<tr>\n<td width=\"283\"><strong>Matr\u00edculas, certificados, becas.<\/strong><\/p>\n<hr \/>\n<\/td>\n<td width=\"303\">Secretar\u00eda.<\/p>\n<hr \/>\n<\/td>\n<\/tr>\n<tr>\n<td width=\"283\"><strong>Falta un profesor<\/strong><\/p>\n<hr \/>\n<\/td>\n<td width=\"303\">Preguntar en Conserjer\u00eda.<\/p>\n<hr \/>\n<\/td>\n<\/tr>\n<tr>\n<td width=\"283\"><strong>Materiales de aula, llaves, desperfectos, aver\u00edas, botiqu\u00edn. <\/strong><\/p>\n<hr \/>\n<\/td>\n<td width=\"303\">Conserjer\u00eda.<\/p>\n<hr \/>\n<\/td>\n<\/tr>\n<tr>\n<td width=\"283\"><strong>Buz\u00f3n de sugerencias<\/strong><\/td>\n<td width=\"303\">Hay un Buz\u00f3n de sugerencias en la \u00a0entrada de Biblioteca.<\/p>\n<p>Acudir a representantes del alumnado del Consejo Escolar para que lo tramiten.<\/td>\n<\/tr>\n<\/tbody>\n<\/table>\n<p>[\/vc_column_text][\/vc_accordion_tab][vc_accordion_tab gutter_size=\u00bb2&#8243; column_padding=\u00bb2&#8243; title=\u00bb\u00bfEs obligatoria la asistencia a clase?\u00bb tab_id=\u00bb1606155431-1-1816066544502641606654796916&#8243;][vc_column_text]En ESPA presencial es imprescindible la asistencia a clase. Se permiten hasta un 15% de faltas de asistencia, que si se rebasan, suponen el paso a ESPA distancia.<\/p>\n<p>En ESPA distancia hay una hora de clase a la semana en 1.\u00ba y 2.\u00ba.\u00a0 En 3.\u00ba y 4.\u00ba hay tambi\u00e9n una hora, pero se puede acudir a la ma\u00f1ana o tarde.<\/p>\n<p>En Bachillerato y Curso Preparatorio de acceso hay una hora de clase semanal, tambi\u00e9n en versi\u00f3n de ma\u00f1ana y tarde.[\/vc_column_text][\/vc_accordion_tab][vc_accordion_tab gutter_size=\u00bb2&#8243; column_padding=\u00bb2&#8243; title=\u00bb\u00bfCu\u00e1ndo me puedo matricular?\u00bb tab_id=\u00bb1616756045392-1-4&#8243;][vc_column_text uncode_shortcode_id=\u00bb208632&#8243;]<strong>Matr\u00edcula de ESPA.<\/strong><\/p>\n<p>La ESPA se cursa por cuatrimestres. Hay por tanto dos per\u00edodos de matr\u00edcula. Se suelen publicar en junio para el primer cuatrimestre, que empieza en septiembre y acaba a finales de enero o a principios de febrero.<\/p>\n<p>La matr\u00edcula para el segundo cuatrimestre comienza en enero, ya que el curso se desarrolla desde febrero hasta junio.<\/p>\n<p><strong>Matr\u00edcula de Bachillerato y Curso preparatorio de acceso a la Universidad para mayores.<\/strong><\/p>\n<p>Suele comenzar en agosto y termina en diciembre. No hay problema de n\u00famero.<\/p>\n<p><strong>Matr\u00edcula en los Cursos de Acceso Ciclos de Grado de Formaci\u00f3n Profesional<\/strong><\/p>\n<p>Se realiza a finales de agosto o principios de septiembre seg\u00fan el calendario establecido por el Servicio de Planificaci\u00f3n de Formaci\u00f3n Profesional del Gobierno de Navarra.[\/vc_column_text][\/vc_accordion_tab][vc_accordion_tab gutter_size=\u00bb2&#8243; column_padding=\u00bb2&#8243; title=\u00bb\u00bfQu\u00e9 es necesario para matricularme en ESPA?\u00bb tab_id=\u00bb1616756071497-2-3&#8243;][vc_column_text]La ESPA es la Secundaria para adultos. Son cuatro cursos y se imparten dos cuatrimestres en un curso escolar. Se pueden cursar a distancia (cada asignatura tiene una hora de clase en la que no es obligatoria la asistancia) o de manera presencial, con clases obligatorias (2, 3 o 4 dependiendo de la asignatura)<\/p>\n<p>En cada curso hay tres \u00e1mbitos:<\/p>\n<p>\u00c1mbito lingu\u00edstico, con lengua e ingl\u00e9s (franc\u00e9s s\u00f3lo en 3.\u00ba y 4.\u00ba) con 6 horas semanales.<\/p>\n<p>\u00c1mbito cient\u00edfico, con matem\u00e1ticas y naturales, con 6 horas.<\/p>\n<p>\u00c1mbito sociol\u00f3gico, con Sociales, con 3 horas.<\/p>\n<p>En total son 16 horas por curso en Presencial<\/p>\n<p>\u00bfQu\u00e9 necesitas para matricularte?<\/p>\n<p>Si no tienes documentaci\u00f3n, deber\u00e1s realizar unas pruebas de nivel, las llamadas pruebas de valoraci\u00f3n inicial de aprendizajes o <strong>pruebas VIA. Se recomienda hacer esta prueba a todos los futuros alumnos, para ajustar el curso al nivel.<br \/>\n<\/strong><\/p>\n<p>Si puedes acreditar estudios de primaria o secundaria podr\u00e1s matricularte en la ESPA tomando como referencia el cuadro de equivalencias que se recoge a continuaci\u00f3n, publicado en la <a href=\"https:\/\/iesnapa.educacion.navarra.es\/pdf\/otros\/cuadro_de_equivalencias_ESPA.pdf\" target=\"_blank\" rel=\"noopener noreferrer\">Orden Foral 129\/2009<\/a>.<br \/>\nSi no tienes documentaci\u00f3n, deber\u00e1s realizar unas pruebas de nivel, las llamadas pruebas de valoraci\u00f3n inicial de aprendizajes o pruebas VIA.[\/vc_column_text][\/vc_accordion_tab][vc_accordion_tab gutter_size=\u00bb2&#8243; column_padding=\u00bb2&#8243; title=\u00bb\u00bfC\u00f3mo funciona ESPA a distancia?\u00bb tab_id=\u00bb1616756108578-3-5&#8243;][vc_column_text]ESPA distancia<\/p>\n<p>En ESPA distancia hay una hora presencial de clase en el Instituto a la semana en 1.\u00ba y 2.\u00ba.\u00a0 En 3.\u00ba y 4.\u00ba hay tambi\u00e9n una hora, pero se puede acudir a la ma\u00f1ana o tarde.<\/p>\n<p>Dispones de horas de tutor\u00eda individual, en que tu profesor\/a te atender\u00e1 personalmente. Puedes conectar con el\/la a trav\u00e9s de su correo, que viene en <a href=\"https:\/\/iesnapa.educacion.navarra.es\/web\/acceso-a-alumnos\/directorio-de-profesores\/\">la web<\/a>. Concertar\u00e9is la manera de solucionar tus dudas.<\/p>\n<p>Adem\u00e1s, todos los cursos del Centro tienen un Aula Virtual, donde encontrar\u00e1s la agenda, recomendaciones de estudios, contenidos y cuestionarios para facilitar su estudio.[\/vc_column_text][\/vc_accordion_tab][vc_accordion_tab gutter_size=\u00bb2&#8243; column_padding=\u00bb2&#8243; title=\u00bbPruebas libres. C\u00f3mo funcionan y c\u00f3mo es el examen.\u00bb tab_id=\u00bb1618994600244-4-2&#8243;][vc_column_text]Las pruebas libres sirven para obtener el t\u00edtulo de Graduado en Secundaria Obligatoria. Se organizan desde el Departamento de educaci\u00f3n y el Centro s\u00f3lo se encarga de realizar y corregir los ex\u00e1menes.<\/p>\n<p>En el examen hay dos convocatorias: una en febrero y otra en junio.<\/p>\n<p><strong>Lugar de realizaci\u00f3n:<\/strong> <a title=\"IESNAPA\" href=\"http:\/\/centros.educacion.navarra.es\/iesnapa\/\" target=\"_blank\" rel=\"noopener\">Instituto de Educaci\u00f3n Secundaria de Navarra de Personas Adultas F\u00e9lix Urabayen<\/a> de Pamplona.<\/p>\n<p><strong>Inscripci\u00f3n<\/strong>: en la secretar\u00eda del citado Instituto, en las oficinas de Registro de Gobierno de Navarra o en el Registro General Electr\u00f3nico (a trav\u00e9s de esta p\u00e1gina web).<\/p>\n<p><strong>Estructura de las pruebas<\/strong>: las pruebas libres constar\u00e1n de tres partes, correspondientes a los tres \u00e1mbitos de conocimiento de la <a href=\"http:\/\/www.navarra.es\/home_es\/Servicios\/ficha\/4689\/Educacion-Secundaria-para-las-Personas-Adultas-ESPA\" target=\"_blank\" rel=\"noopener\">Educaci\u00f3n Secundaria para las Personas Adultas (ESPA)<\/a>: comunicaci\u00f3n, cient\u00edfico-tecnol\u00f3gico y social. Las pruebas se realizan en una jornada, en sesiones de ma\u00f1ana y tarde.<\/p>\n<ul>\n<li>La sesi\u00f3n de ma\u00f1ana comenzar\u00e1 a las 10 horas y estar\u00e1 dedicada al \u00e1mbito cient\u00edfico-tecnol\u00f3gico (2 horas 30 minutos) y al \u00e1mbito social (1 hora).<\/li>\n<li>La sesi\u00f3n de la tarde comenzar\u00e1 a las 16 horas y estar\u00e1 dedicada al \u00e1mbito de comunicaci\u00f3n (2 horas 30 minutos).<\/li>\n<li><strong><a href=\"https:\/\/www.navarra.es\/documents\/48192\/6661430\/Exenciones.pdf\/8e72b448-aab5-a565-4bfe-35c835553f23\">Exenciones<\/a><\/strong><strong>Pruebas de convocatorias anteriores<\/strong>\n<ul>\n<li>\u00c1mbito de la comunicaci\u00f3n:\n<ul>\n<li>2021 (<a href=\"https:\/\/www.navarra.es\/documents\/48192\/6661430\/2021 Febrero Ambito de Comuniciacion castellano.pdf\/6a7b5496-c390-32c2-8357-258abd4f080b\">febrero<\/a>) &#8211; 2020 (<a href=\"https:\/\/www.navarra.es\/documents\/48192\/6661430\/2020 FEBRERO Ambito de Comuniciacion.pdf\/a50cfc73-e889-b596-f58b-eb97afa14d40\">febrero<\/a>\u00a0&#8211; <a href=\"https:\/\/www.navarra.es\/documents\/48192\/6661430\/2020 JUNIO Ambito de Comuniciacion.pdf\/0305693b-5266-9757-edbf-fc614aa507c4\">junio<\/a>) &#8211; 2019 (<a href=\"https:\/\/www.navarra.es\/documents\/48192\/6661430\/ACOMUNICACION FEB 2019.pdf\/49991614-5ac6-cdb2-6050-277beae14453\">febrero<\/a>\u00a0&#8211; <a href=\"https:\/\/www.navarra.es\/documents\/48192\/6661430\/ACOMUNICACION JUN 2019.pdf\/a3e5a86b-7132-59c4-297c-43b2c20b4be3\">junio<\/a>) &#8211; 2018 (<a href=\"https:\/\/www.navarra.es\/documents\/48192\/6661430\/febrero 2018 Comunic.pdf\/788c0945-2948-8f87-34d9-194b071d5ad4\">febrero<\/a> &#8211; <a href=\"https:\/\/www.navarra.es\/documents\/48192\/6661430\/Junio 2018 Comunic.pdf\/2fe235b3-7d98-94db-a538-6d8ea0f3143b\">junio<\/a>) &#8211; 2017 (<a href=\"https:\/\/www.navarra.es\/documents\/48192\/6661430\/abril 2017 Comunica.pdf\/07289127-9ac3-0cfa-70d1-8294951bb111\">abril<\/a> &#8211; <a href=\"https:\/\/www.navarra.es\/documents\/48192\/6661430\/Sept 2017 - Comunica.pdf\/0bf576bc-b582-046c-58df-80ac6d814e83\">septiembre<\/a>) &#8211; 2016 (<a href=\"https:\/\/www.navarra.es\/documents\/48192\/6661430\/mayo 2016 comunica.pdf\/6544b150-8cd8-6ff2-ece1-2c90573c22ed\">mayo<\/a> &#8211; <a href=\"https:\/\/www.navarra.es\/documents\/48192\/6661430\/sept 2016 comunica.pdf\/5cce292e-e669-a727-db6a-420140e7af9b\">septiembre<\/a>) &#8211; 2015 (<a href=\"https:\/\/www.navarra.es\/documents\/48192\/6661430\/Comunicac mayo 15.pdf\/c75a7dd7-ee33-e4de-44ac-6525a9fbc5b5\">mayo<\/a> &#8211; <a href=\"https:\/\/www.navarra.es\/documents\/48192\/6661430\/Comunica sept 2015.pdf\/fa855247-1df1-90c0-5e79-ccb795fe2c22\">septiembre<\/a>) &#8211; 2014 (<a href=\"https:\/\/www.navarra.es\/documents\/48192\/6661430\/Comuniciac mayo 2014.pdf\/f90ebae2-a319-6d1d-b63c-92405e9f4b32\">mayo<\/a> &#8211; <a href=\"https:\/\/www.navarra.es\/documents\/48192\/6661430\/Comunicia septiembre 2014.pdf\/456c645f-b3c1-def0-99d7-859d2ffaa0d2\">septiembre<\/a>) &#8211; 2013 (<a href=\"https:\/\/www.navarra.es\/documents\/48192\/6661430\/Comunicac mayo 2013.pdf\/72dbf250-1504-a236-582b-5965d221ca42\">mayo<\/a> &#8211; <a href=\"https:\/\/www.navarra.es\/documents\/48192\/6661430\/Comuniciac septiembre 2013.pdf\/2e44391e-540d-6e4c-5f78-af23eaf7d545\">septiembre<\/a>) &#8211; 2012 (<a href=\"https:\/\/www.navarra.es\/home_es\/servicios\/descargar-fichero\/WQMbp11wQBVwkLwYvN97VBDmqrGfQ2\/\u00c1mbito de Comuniciaci\u00f3n mayo 2012.pdf\">mayo<\/a> &#8211; <a href=\"https:\/\/www.navarra.es\/home_es\/servicios\/descargar-fichero\/bbm34c9yXkJc73HKp8mnT91n77B7x5\/\u00c1mbito de Comuniciaci\u00f3n septiembre 2012.pdf\">septiembre<\/a>) &#8211; 2011 (<a href=\"https:\/\/www.navarra.es\/documents\/48192\/6661430\/Comunicia mayo 2011.pdf\/816a7f87-e3fa-cb90-cca4-2c66d90f8e29\">mayo<\/a> &#8211; <a href=\"https:\/\/www.navarra.es\/documents\/48192\/6661430\/Comunicia septiembre 2011.pdf\/b76422aa-62cc-23a9-f3f5-af70542b930d\">septiembre<\/a>)<\/li>\n<\/ul>\n<\/li>\n<\/ul>\n<ul>\n<li>\u00c1mbito cient\u00edfico-tecnol\u00f3gico:\n<ul>\n<li>2021 (<a href=\"https:\/\/www.navarra.es\/documents\/48192\/6661430\/2021 Febrero Ambito CientificoT castellano.pdf\/4ccd4d04-87cd-b6d6-6c11-74a49480da57\">febrero<\/a>) &#8211; 2020 (<a href=\"https:\/\/www.navarra.es\/documents\/48192\/6661430\/2020 FEBRERO Ambito CientificoT.pdf\/d1044561-61a4-c5ce-7aab-d7783b86bc5d\">febrero<\/a>\u00a0&#8211; <a href=\"https:\/\/www.navarra.es\/documents\/48192\/6661430\/2020 JUNIO Ambito CientificoT.pdf\/56c6c209-ffa6-1bc6-ae8a-94967b5579bc\">junio<\/a>) &#8211; 2019 (<a href=\"https:\/\/www.navarra.es\/documents\/48192\/6661430\/ACIENTIFICO FEB 2019.pdf\/0a7523cf-8f39-3f90-ca23-0760e49f8047\">febrero<\/a>\u00a0&#8211; <a href=\"https:\/\/www.navarra.es\/documents\/48192\/6661430\/ACIENTIFICO JUN 2019.pdf\/1c82dc96-d940-1cc0-9532-6d6141cb697f\">junio<\/a>) &#8211; 2018 (<a href=\"https:\/\/www.navarra.es\/documents\/48192\/6661430\/febrero 2018 CT.pdf\/9b8dd0f0-ff5b-1d3a-abb0-e034090950af\">febrero<\/a> &#8211; <a href=\"https:\/\/www.navarra.es\/documents\/48192\/6661430\/Junio 2018 CT.pdf\/98e699f5-c482-4ee6-8353-15f901ba67e5\">junio<\/a>) &#8211; 2017 (<a href=\"https:\/\/www.navarra.es\/documents\/48192\/6661430\/abril 2017 CT.pdf\/c3ff1659-691b-779a-d296-ca3bfc4af76e\">abril<\/a> &#8211; <a href=\"https:\/\/www.navarra.es\/documents\/48192\/6661430\/Sept 2017- CT.pdf\/f8f3c823-0beb-42ba-e198-844e63e4b137\">septiembre<\/a>) &#8211; 2016 (<a href=\"https:\/\/www.navarra.es\/documents\/48192\/6661430\/mayo 2016 CT.pdf\/3df3fa04-d21e-4575-4d8c-64c9ae63110d\">mayo<\/a> &#8211; <a href=\"https:\/\/www.navarra.es\/documents\/48192\/6661430\/sept 2016 CT.pdf\/d6ac3124-626d-6dac-36d7-7d405b061264\">septiembre<\/a>) &#8211; 2015 (<a href=\"https:\/\/www.navarra.es\/documents\/48192\/6661430\/CT mayo 2015.pdf\/12dd7ae4-67bd-16b3-eb28-7193484e486a\">mayo<\/a> &#8211; <a href=\"https:\/\/www.navarra.es\/documents\/48192\/6661430\/CT sept 2015.pdf\/46de461a-0833-0bb9-2156-73cdd223f006\">septiembre<\/a>) &#8211; 2014 (<a href=\"https:\/\/www.navarra.es\/documents\/48192\/6661430\/CT mayo 2014.pdf\/a70e77b1-4de7-26f9-d95d-774ecafe5b00\">mayo<\/a> &#8211; <a href=\"https:\/\/www.navarra.es\/documents\/48192\/6661430\/CT septiembre 2014.pdf\/ae6792f7-2eb3-7437-269b-43d1d248b2e7\">septiembre<\/a>) &#8211; 2013 (<a href=\"https:\/\/www.navarra.es\/documents\/48192\/6661430\/C-T mayo 2013.pdf\/8c4921a1-e21f-4cef-066e-d92e0d1c0f86\">mayo<\/a>&#8211; <a href=\"https:\/\/www.navarra.es\/documents\/48192\/6661430\/CT septiembre 2013.pdf\/72ca85aa-efab-a4cc-8d8f-6740dab96fe7\">septiembre<\/a>) &#8211; 2012 (<a href=\"https:\/\/www.navarra.es\/home_es\/servicios\/descargar-fichero\/rDwMcpbdHmrGcXTzCjrdvwdVK1yDK2\/\u00c1mbito Cient\u00edfico - Tecnol\u00f3gico mayo 2012.pdf\">mayo<\/a> &#8211; <a href=\"https:\/\/www.navarra.es\/home_es\/servicios\/descargar-fichero\/NpNg3NtxgtJNFTWWBC7ZRS6GDdKSXz\/\u00c1mbito Cient\u00edfico - Tecnol\u00f3gico septiembre 2012.pdf\">septiembre<\/a>) &#8211; 2011 (<a href=\"https:\/\/www.navarra.es\/documents\/48192\/6661430\/CT mayo 2011.pdf\/1645effa-7d4e-d782-340d-02b7dca4a3ac\">mayo<\/a> &#8211; <a href=\"https:\/\/www.navarra.es\/documents\/48192\/6661430\/CT septiembre 2011.pdf\/ccbf3472-adc6-5f8f-a6be-9684b9f3432b\">septiembre<\/a>)<\/li>\n<\/ul>\n<\/li>\n<\/ul>\n<ul>\n<li>\u00c1mbito social:\n<ul>\n<li>2021 (<a href=\"https:\/\/www.navarra.es\/documents\/48192\/6661430\/2021 Febrero Ambito Social castellano.pdf\/81b9483e-824e-cc0e-734f-37cef5a42e66\">febrero<\/a>) &#8211; 2020 (<a href=\"https:\/\/www.navarra.es\/documents\/48192\/6661430\/2020 FEBRERO Ambito Social.pdf\/5cfe3a42-c1f1-587d-1773-377864266991\">febrero<\/a>\u00a0&#8211; <a href=\"https:\/\/www.navarra.es\/documents\/48192\/6661430\/2020 JUNIO Ambito Social.pdf\/c641d782-2b10-b2aa-6f51-376bafad13c5\">junio<\/a>) &#8211; 2019 (<a href=\"https:\/\/www.navarra.es\/documents\/48192\/6661430\/ASOCIAL FEB 2019.pdf\/390750da-9359-29f5-1d0b-39bd76e51ff3\">febrero<\/a>\u00a0&#8211; <a href=\"https:\/\/www.navarra.es\/documents\/48192\/6661430\/ASOCIAL JUN 2019.pdf\/33c7ed1d-51c1-0b97-aeb5-ba0ae65eef4b\">junio<\/a>) &#8211; 2018 (<a href=\"https:\/\/www.navarra.es\/documents\/48192\/6661430\/febrero 2018 Soc.pdf\/f3bbbdee-cf04-7af1-30ce-ebe4afdff4f6\">febrero<\/a> &#8211; <a href=\"https:\/\/www.navarra.es\/documents\/48192\/6661430\/Junio 2018 Soc.pdf\/3c956e89-6ef3-b94b-6045-a94bac109e17\">junio<\/a>) &#8211; 2017 (<a href=\"https:\/\/www.navarra.es\/documents\/48192\/6661430\/abril 2017 social.pdf\/907150dc-a5e2-08b7-51fe-8187dbe4e19d\">abril<\/a>&#8211;<a href=\"https:\/\/www.navarra.es\/documents\/48192\/6661430\/Sept 2017- Social.pdf\/bab04451-7f88-0115-235f-55706231a0b4\">septiembre<\/a>) &#8211; 2016 (<a href=\"https:\/\/www.navarra.es\/documents\/48192\/6661430\/mayo 2016 social.pdf\/d510588f-6b10-985c-7bde-5ff2e59c8f19\">mayo<\/a> &#8211; <a href=\"https:\/\/www.navarra.es\/documents\/48192\/6661430\/sept 2016 social.pdf\/6413bdcb-df64-c856-d840-0b4d93ee0730\">septiembre<\/a>) &#8211; 2015 (<a href=\"https:\/\/www.navarra.es\/documents\/48192\/6661430\/Social mayo 2015.pdf\/daa27f15-3d82-f70f-a708-689d5e989e10\">mayo <\/a>&#8211; <a href=\"https:\/\/www.navarra.es\/documents\/48192\/6661430\/Social sept 2015.pdf\/a9fc1719-ebd7-c2d1-e076-9be7b89ade4e\">septiembre<\/a>) &#8211; 2014 (<a href=\"https:\/\/www.navarra.es\/documents\/48192\/6661430\/Social mayo 2014.pdf\/189e8c59-f4eb-335b-3faa-ef5e40864a5d\">mayo<\/a> &#8211;<a href=\"https:\/\/www.navarra.es\/documents\/48192\/6661430\/Social septiembre 2014.pdf\/04caae2a-6d4b-c3a2-8436-54b4e0a83886\"> septiembre<\/a>) &#8211; 2013 (<a href=\"https:\/\/www.navarra.es\/documents\/48192\/6661430\/Social mayo 2013.pdf\/bfe14af0-fb92-029d-70df-2c79ed730d11\">mayo<\/a> &#8211; <a href=\"https:\/\/www.navarra.es\/documents\/48192\/6661430\/Social septiembre 2013.pdf\/a57a75c5-a695-148a-fc3c-d6fdcaad5648\">septiembre<\/a>) &#8211; 2012 (<a href=\"https:\/\/www.navarra.es\/home_es\/servicios\/descargar-fichero\/4VdTt6p1318dcN5FVDwkRDYnH58Nd2\/\u00c1mbito Social mayo 2012.pdf\">mayo<\/a> &#8211; <a href=\"https:\/\/www.navarra.es\/home_es\/servicios\/descargar-fichero\/PXdTGFR9q7KVM7pYGXnbBGZyJMpNjy\/\u00c1mbito Social septiembre 2012.pdf\">septiembre<\/a>) &#8211; 2011 (<a href=\"https:\/\/www.navarra.es\/documents\/48192\/6661430\/Social mayo 2011.pdf\/4de781b6-d75a-f531-5d81-94467e8c067f\">mayo<\/a> &#8211; <a href=\"https:\/\/www.navarra.es\/documents\/48192\/6661430\/Social septiembre 2011.pdf\/a39065f3-ceca-d0f7-5d91-8e5698920390\">septiembre<\/a>)<\/li>\n<\/ul>\n<\/li>\n<\/ul>\n<\/li>\n<\/ul>\n<p><a href=\"http:\/\/www.navarra.es\/home_es\/Servicios\/ficha\/2085\/Pruebas-para-obtener-el-titulo-de-Graduado-en-ESO\">Tienes aqu\u00ed toda la informaci\u00f3n.<\/a>[\/vc_column_text][\/vc_accordion_tab][vc_accordion_tab gutter_size=\u00bb2&#8243; column_padding=\u00bb2&#8243; title=\u00bb\u00bfCu\u00e1ndo puedo tener una tutor\u00eda individual con un profesor\/a?\u00bb tab_id=\u00bb1631785238585-6-6&#8243;][vc_column_text uncode_shortcode_id=\u00bb129547&#8243;]\u00bfA qu\u00e9 hora puedo tener una tutor\u00eda individual con un profesor\/a?<\/p>\n<p>https:\/\/iesnapa.educacion.navarra.es\/web\/acceso-a-alumnos\/tutorias-individuales\/[\/vc_column_text][\/vc_accordion_tab][\/vc_accordion][\/vc_column_inner][\/vc_row_inner][\/vc_column][\/vc_row][vc_row][vc_column width=\u00bb1\/1&#8243;][\/vc_column][\/vc_row]<\/p>\n<\/div>","protected":false},"excerpt":{"rendered":"<p>Intentamos resolver vuestras preguntas. Revisa esta secci\u00f3n antes de llamar. <\/p>\n","protected":false},"author":2,"featured_media":792,"parent":789,"menu_order":0,"comment_status":"closed","ping_status":"closed","template":"","meta":{"footnotes":""},"class_list":["post-1507","page","type-page","status-publish","has-post-thumbnail","hentry","page_category-acceso-a-alumnos"],"_links":{"self":[{"href":"https:\/\/iesnapa.educacion.navarra.es\/web\/wp-json\/wp\/v2\/pages\/1507"}],"collection":[{"href":"https:\/\/iesnapa.educacion.navarra.es\/web\/wp-json\/wp\/v2\/pages"}],"about":[{"href":"https:\/\/iesnapa.educacion.navarra.es\/web\/wp-json\/wp\/v2\/types\/page"}],"author":[{"embeddable":true,"href":"https:\/\/iesnapa.educacion.navarra.es\/web\/wp-json\/wp\/v2\/users\/2"}],"replies":[{"embeddable":true,"href":"https:\/\/iesnapa.educacion.navarra.es\/web\/wp-json\/wp\/v2\/comments?post=1507"}],"version-history":[{"count":26,"href":"https:\/\/iesnapa.educacion.navarra.es\/web\/wp-json\/wp\/v2\/pages\/1507\/revisions"}],"predecessor-version":[{"id":5251,"href":"https:\/\/iesnapa.educacion.navarra.es\/web\/wp-json\/wp\/v2\/pages\/1507\/revisions\/5251"}],"up":[{"embeddable":true,"href":"https:\/\/iesnapa.educacion.navarra.es\/web\/wp-json\/wp\/v2\/pages\/789"}],"wp:featuredmedia":[{"embeddable":true,"href":"https:\/\/iesnapa.educacion.navarra.es\/web\/wp-json\/wp\/v2\/media\/792"}],"wp:attachment":[{"href":"https:\/\/iesnapa.educacion.navarra.es\/web\/wp-json\/wp\/v2\/media?parent=1507"}],"curies":[{"name":"wp","href":"https:\/\/api.w.org\/{rel}","templated":true}]}}