{"id":3559,"date":"2022-11-09T13:23:10","date_gmt":"2022-11-09T12:23:10","guid":{"rendered":"https:\/\/iesnapa.educacion.navarra.es\/web\/?page_id=3559"},"modified":"2025-09-16T11:57:37","modified_gmt":"2025-09-16T09:57:37","slug":"biblioteca","status":"publish","type":"page","link":"https:\/\/iesnapa.educacion.navarra.es\/web\/el-centro\/biblioteca\/","title":{"rendered":"Biblioteca"},"content":{"rendered":"<div class=\"wpb-content-wrapper\"><p>[vc_row row_height_percent=\u00bb0&#8243; override_padding=\u00bbyes\u00bb h_padding=\u00bb5&#8243; top_padding=\u00bb2&#8243; bottom_padding=\u00bb2&#8243; back_color=\u00bbarena-urabayen\u00bb overlay_alpha=\u00bb50&#8243; gutter_size=\u00bb2&#8243; column_width_percent=\u00bb100&#8243; shift_y=\u00bb0&#8243; z_index=\u00bb0&#8243; el_class=\u00bbinforma\u00bb][vc_column column_width_percent=\u00bb100&#8243; gutter_size=\u00bb3&#8243; overlay_alpha=\u00bb50&#8243; shift_x=\u00bb0&#8243; shift_y=\u00bb0&#8243; shift_y_down=\u00bb0&#8243; z_index=\u00bb0&#8243; medium_width=\u00bb0&#8243; mobile_width=\u00bb0&#8243; width=\u00bb1\/1&#8243;][vc_custom_heading heading_semantic=\u00bbh3&#8243; text_size=\u00bbh3&#8243; uncode_shortcode_id=\u00bb802500&#8243;]<span class=\"heading-text-highlight \" data-atts='{\"bg\":\"style-subrayado-titulos-bg\",\"height\":\"13%\",\"offset\":\"0.0em\",\"opacity\":\"1\",\"animated\":\"yes\"}'>Nuestra Biblioteca<\/span>[\/vc_custom_heading][vc_row_inner][vc_column_inner width=\u00bb1\/3&#8243;][vc_single_image media=\u00bb3562&#8243; media_width_use_pixel=\u00bbyes\u00bb alignment=\u00bbcenter\u00bb media_width_pixel=\u00bb200px\u00bb uncode_shortcode_id=\u00bb322324&#8243;][\/vc_column_inner][vc_column_inner width=\u00bb2\/3&#8243;][vc_column_text css=\u00bb.vc_custom_1758016651372{margin-top: 8px !important;}\u00bb uncode_shortcode_id=\u00bb213770&#8243;]El horario de la biblioteca del centro es:<\/p>\n<p>Lunes, martes y jueves: de 9:30 a 13:15 horas y de 16:00 a 20:15 horas.<\/p>\n<p>Mi\u00e9rcoles: de 16:00 a 21:15 horas.<\/p>\n<p>Viernes: de 9:00 a 12:45 horas.<\/p>\n<p>&nbsp;<\/p>\n<p>Es un espacio de estudio individual, en el que prima el silencio y la tranquilidad. Tambi\u00e9n hay cuatro ordenadores a vuestra disposici\u00f3n.<\/p>\n<p>Tenemos los libros de lectura obligatoria, para que pod\u00e1is acceder a ellos. El pr\u00e9stamo es de 15 d\u00edas y, si no has acabado, puedes prorrogarlo. Tenemos los libros de texto, para su uso exclusivo en la Sala. Tambi\u00e9n tenemos novedades.<\/p>\n<p>Puedes acceder al cat\u00e1logo <a href=\"http:\/\/abies.educacion.navarra.es\/index.php\/home\/felix-urabayen\">en este enlace<\/a><\/p>\n<p><img decoding=\"async\" class=\"alignnone wp-image-3577\" src=\"https:\/\/iesnapa.educacion.navarra.es\/web\/wp-content\/uploads\/2022\/11\/bibliotecaylectores_03c-300x169.jpg\" alt=\"\" width=\"505\" height=\"284\" srcset=\"https:\/\/iesnapa.educacion.navarra.es\/web\/wp-content\/uploads\/2022\/11\/bibliotecaylectores_03c-300x169.jpg 300w, https:\/\/iesnapa.educacion.navarra.es\/web\/wp-content\/uploads\/2022\/11\/bibliotecaylectores_03c-350x198.jpg 350w, https:\/\/iesnapa.educacion.navarra.es\/web\/wp-content\/uploads\/2022\/11\/bibliotecaylectores_03c.jpg 680w\" sizes=\"(max-width: 505px) 100vw, 505px\" \/><\/p>\n<hr \/>\n<p>Tambi\u00e9n, como usuario de Biblioteca de Navarra, puedes acceder a su cat\u00e1logo, que cuenta con 3 plataformas digitales:<\/p>\n<div id=\"rqtz__7\" class=\"accordionContent free-text-light-18 regular col-xs-11 col-xs-offset-1 col-sm-9 col-sm-offset-2 col-md-10 col-md-offset-1 col-lg-10 col-lg-offset-1\" title=\"\">\n<div class=\"free-text-light-18\">\n<ul>\n<li><a href=\"https:\/\/navarra.ebiblio.es\/\" target=\"_blank\" rel=\"noopener\">eBiblio<\/a>,\u00a0para libros electr\u00f3nicos<\/li>\n<li><a href=\"https:\/\/navarra.efilm.online\/es\/efilm_navarra\/\" target=\"_blank\" rel=\"noopener\">eFilm<\/a>,\u00a0para pel\u00edculas<\/li>\n<li><a href=\"https:\/\/navarra.infomagazine.online\/es\/emagazine_navarra\/\" target=\"_blank\" rel=\"noopener\">infoMagazine<\/a>,\u00a0para revistas<\/li>\n<\/ul>\n<p>Para acceder necesitas conocer tu n\u00famero de carnet de lector\/a y tu contrase\u00f1a. El n\u00famero de tu carnet de lector\/a est\u00e1 en la tarjeta-carnet que te dieron en la biblioteca, y la contrase\u00f1a para los usos online te la comunicaron en el momento en el que lo hiciste.\u00a0Si no la recuerdas, <a href=\"https:\/\/www.navarra.es\/home_es\/Temas\/Turismo+ocio+y+cultura\/Bibliotecas\/Bibliotecas+publicas\/Indice+bibliotecas\/\" target=\"_blank\" rel=\"noopener\">ponte en contacto con tu biblioteca<\/a>: te pedir\u00e1n que te identifiques y te facilitar\u00e1n una nueva.<\/p>\n<p><strong>\u00bfC\u00f3mo puedes acceder a\u00a0eBiblio?<\/strong><br \/>\nCon tu carnet y tu contrase\u00f1a tienes acceso directo, pero para usarlo es imprescindible asociar un correo electr\u00f3nico a tu carnet de lector\/a y no estar sancionado\/a.<\/p>\n<\/div>\n<\/div>\n<p>[\/vc_column_text][\/vc_column_inner][\/vc_row_inner][\/vc_column][\/vc_row]<\/p>\n<\/div>","protected":false},"excerpt":{"rendered":"<p>[vc_row row_height_percent=\u00bb0&#8243; override_padding=\u00bbyes\u00bb h_padding=\u00bb5&#8243; top_padding=\u00bb2&#8243; bottom_padding=\u00bb2&#8243; back_color=\u00bbarena-urabayen\u00bb overlay_alpha=\u00bb50&#8243; gutter_size=\u00bb2&#8243; column_width_percent=\u00bb100&#8243; shift_y=\u00bb0&#8243; z_index=\u00bb0&#8243; el_class=\u00bbinforma\u00bb][vc_column column_width_percent=\u00bb100&#8243; gutter_size=\u00bb3&#8243; overlay_alpha=\u00bb50&#8243; shift_x=\u00bb0&#8243; shift_y=\u00bb0&#8243; shift_y_down=\u00bb0&#8243; z_index=\u00bb0&#8243; [&hellip;]<\/p>\n","protected":false},"author":2,"featured_media":1035,"parent":750,"menu_order":6,"comment_status":"closed","ping_status":"closed","template":"","meta":{"footnotes":""},"class_list":["post-3559","page","type-page","status-publish","has-post-thumbnail","hentry","page_category-el-centro"],"_links":{"self":[{"href":"https:\/\/iesnapa.educacion.navarra.es\/web\/wp-json\/wp\/v2\/pages\/3559"}],"collection":[{"href":"https:\/\/iesnapa.educacion.navarra.es\/web\/wp-json\/wp\/v2\/pages"}],"about":[{"href":"https:\/\/iesnapa.educacion.navarra.es\/web\/wp-json\/wp\/v2\/types\/page"}],"author":[{"embeddable":true,"href":"https:\/\/iesnapa.educacion.navarra.es\/web\/wp-json\/wp\/v2\/users\/2"}],"replies":[{"embeddable":true,"href":"https:\/\/iesnapa.educacion.navarra.es\/web\/wp-json\/wp\/v2\/comments?post=3559"}],"version-history":[{"count":13,"href":"https:\/\/iesnapa.educacion.navarra.es\/web\/wp-json\/wp\/v2\/pages\/3559\/revisions"}],"predecessor-version":[{"id":5466,"href":"https:\/\/iesnapa.educacion.navarra.es\/web\/wp-json\/wp\/v2\/pages\/3559\/revisions\/5466"}],"up":[{"embeddable":true,"href":"https:\/\/iesnapa.educacion.navarra.es\/web\/wp-json\/wp\/v2\/pages\/750"}],"wp:featuredmedia":[{"embeddable":true,"href":"https:\/\/iesnapa.educacion.navarra.es\/web\/wp-json\/wp\/v2\/media\/1035"}],"wp:attachment":[{"href":"https:\/\/iesnapa.educacion.navarra.es\/web\/wp-json\/wp\/v2\/media?parent=3559"}],"curies":[{"name":"wp","href":"https:\/\/api.w.org\/{rel}","templated":true}]}}