{"id":361,"date":"2024-11-16T12:34:43","date_gmt":"2024-11-16T11:34:43","guid":{"rendered":"https:\/\/iesnapa.educacion.navarra.es\/web\/?page_id=361"},"modified":"2025-06-10T12:34:12","modified_gmt":"2025-06-10T10:34:12","slug":"bachillerato","status":"publish","type":"page","link":"https:\/\/iesnapa.educacion.navarra.es\/web\/oferta-educativa\/bachillerato\/","title":{"rendered":"Bachillerato y preparaci\u00f3n de PAU (Selectividad)"},"content":{"rendered":"<div class=\"wpb-content-wrapper\"><p>[vc_row row_height_percent=\u00bb0&#8243; override_padding=\u00bbyes\u00bb h_padding=\u00bb5&#8243; top_padding=\u00bb2&#8243; bottom_padding=\u00bb2&#8243; back_color=\u00bbarena-urabayen\u00bb overlay_alpha=\u00bb50&#8243; gutter_size=\u00bb3&#8243; column_width_percent=\u00bb100&#8243; shift_y=\u00bb0&#8243; z_index=\u00bb0&#8243; el_class=\u00bbinforma\u00bb][vc_column column_width_percent=\u00bb100&#8243; gutter_size=\u00bb3&#8243; overlay_alpha=\u00bb50&#8243; shift_x=\u00bb0&#8243; shift_y=\u00bb0&#8243; shift_y_down=\u00bb0&#8243; z_index=\u00bb0&#8243; medium_width=\u00bb0&#8243; mobile_width=\u00bb0&#8243; width=\u00bb1\/1&#8243;][vc_row_inner row_inner_height_percent=\u00bb0&#8243; back_color=\u00bbblanco\u00bb overlay_alpha=\u00bb50&#8243; gutter_size=\u00bb3&#8243; shift_y=\u00bb0&#8243; z_index=\u00bb0&#8243; css=\u00bb.vc_custom_1608543885800{padding-top: 8px !important;padding-right: 8px !important;padding-bottom: 8px !important;padding-left: 8px !important;}\u00bb limit_content=\u00bb\u00bb][vc_column_inner width=\u00bb1\/1&#8243;][vc_column_text]<\/p>\n<ul class=\"menu-interno\">\n<li><a href=\"#requisitos\">Requisitos<\/a><\/li>\n<li><a href=\"#fechas-matricula\">Fechas de matr\u00edcula<\/a><\/li>\n<li><a href=\"#te-puede-interesar\">Te puede interesar<\/a><\/li>\n<\/ul>\n<p>[\/vc_column_text][\/vc_column_inner][\/vc_row_inner][vc_custom_heading heading_semantic=\u00bbh3&#8243; text_size=\u00bbh3&#8243; uncode_shortcode_id=\u00bb906429&#8243;]<\/p>\n<pre><span class=\"heading-text-highlight \" data-atts='{\"bg\":\"style-subrayado-titulos-bg\",\"height\":\"13%\",\"offset\":\"0.0em\",\"opacity\":\"1\",\"animated\":\"yes\"}'>Puedes obtener el t\u00edtulo de Bachillerato y\/o preparar la EVAU<\/span>\r\n<\/pre>\n<p>[\/vc_custom_heading][vc_column_text css=\u00bb.vc_custom_1749551633011{margin-top: 8px !important;}\u00bb uncode_shortcode_id=\u00bb178183&#8243;]En el IESNAPA F\u00e9lix Urabayen puedes comenzar o continuar tus estudios de Bachillerato, o bien prepararte para la EvAU (las pruebas de acceso a la universidad).<\/p>\n<p><span style=\"color: #3366ff;\">BACHILLERATO<\/span><\/p>\n<p>Ofrecemos estudios de Bachillerato en la modalidad a distancia tutorizada. Se pueden cursar con una gran flexibilidad, sin l\u00edmite de convocatorias ni n\u00famero m\u00ednimo o m\u00e1ximo de materias por curso. Si has hecho parte del Bachillerato en otro centro, puedes tambi\u00e9n matricularte de materias ya cursadas all\u00ed para subir la nota y tener una mejor media de Bachillerato, algo muy \u00fatil si quieres hacer la PAU y acceder a un grado universitario con una nota de corte alta. Ten en cuenta que nunca bajar\u00eda tu nota en esas materias ya aprobadas, solamente podr\u00edas elevarla.<\/p>\n<p><span style=\"color: #3366ff;\">PREPARACI\u00d3N DE LA PAU (Selectividad)<\/span><\/p>\n<p>Si tienes ya el Bachillerato o has hecho un ciclo de Grado Superior de FP, puedes tambi\u00e9n preparar en nuestro centro la prueba de acceso a la universidad de la UPNA (la PAU). Con el <a href=\"https:\/\/www.unavarra.es\/sites\/estudios\/acceso-y-admision\/evau-para-estudiantes\/desde-bachillerato.html\">Bachillerato<\/a>, puedes preparar la PAU completa (por primera vez o para repetirla y subir nota) o solamente las materias espec\u00edficas para subir nota si ya aprobaste la PAU y no quieres hacerla completa. Con el <a href=\"https:\/\/www.unavarra.es\/sites\/estudios\/acceso-y-admision\/evau-para-estudiantes\/desde-grado-superior.html\">Grado Superior<\/a>, puedes sumar hasta 4 puntos m\u00e1s a tu nota de acceso a la Universidad present\u00e1ndote a las materias espec\u00edficas.[\/vc_column_text][vc_custom_heading heading_semantic=\u00bbh3&#8243; text_size=\u00bbh3&#8243;]<\/p>\n<pre><span class=\"heading-text-highlight \" data-atts='{\"bg\":\"style-subrayado-titulos-bg\",\"height\":\"13%\",\"offset\":\"0.0em\",\"opacity\":\"1\",\"animated\":\"yes\"}'>La modalidad de ense\u00f1anza a distancia tutorizada<\/span>\r\n<\/pre>\n<p>[\/vc_custom_heading][vc_column_text css=\u00bb.vc_custom_1618832638704{margin-top: 8px !important;}\u00bb]Las ense\u00f1anzas a distancia constituyen una modalidad educativa peculiar. Permiten compatibilizar los estudios con otras actividades y ocupaciones, la libertad del estudiante para administrar el ritmo de aprendizaje cursando el n\u00famero de asignaturas que mejor se adapte a su situaci\u00f3n e intereses y la atenci\u00f3n personalizada del profesorado en las sesiones de tutor\u00eda individual. Al recaer en el alumno la organizaci\u00f3n del propio estudio, es preciso mantener un h\u00e1bito de trabajo personal que no es controlado directamente por el profesor.<\/p>\n<p>La ense\u00f1anza a distancia es un servicio destinado a personas con cargas laborales, familiares o de otro tipo que les impide cursar estudios reglados a tiempo completo. Sin embargo, las exigencias de aprendizaje son las mismas que en cualesquiera otros centros del nivel correspondiente en cuanto a contenidos m\u00ednimos, dominio de procedimientos y actitudes, criterios de evaluaci\u00f3n, etc.<\/p>\n<p>En el Instituto F\u00e9lix Urabayen la atenci\u00f3n a los alumnos se realiza a trav\u00e9s de las tutor\u00edas colectivas e individuales.<\/p>\n<h4>Tutor\u00edas<\/h4>\n<p><mark>Las <strong>TUTOR\u00cdAS COLECTIVAS<\/strong>\u00a0est\u00e1n destinadas a:<\/mark><\/p>\n<ul>\n<li>Planificar el trabajo del alumno en cada periodo lectivo (cursos, trimestres y\/o quincenas).<\/li>\n<li>Orientar sobre el uso de los materiales de estudio, tanto el libro de texto como los materiales elaborados por el profesor.<\/li>\n<li>Explicar, en su caso, las unidades, temas o cuestiones de mayor dificultad o que requieran mayor apoyo del profesor.<\/li>\n<li>Practicar sobre los procedimientos y t\u00e9cnicas que exigen orientaci\u00f3n espec\u00edfica.<\/li>\n<li>Aclarar dudas y problemas surgidos en el aprendizaje personal del alumno.<\/li>\n<\/ul>\n<p>Hay una hora de tutor\u00eda colectiva por asignatura a la semana (en alg\u00fan caso, dos), en turnos de ma\u00f1ana y tarde. Los alumnos pueden asistir indistintamente a un turno u otro en funci\u00f3n de su disponibilidad de tiempo, turnos de trabajo, etc.<\/p>\n<p><mark>Las\u00a0<strong>TUTOR\u00cdAS INDIVIDUALES<\/strong><\/mark> completan el trabajo desarrollado en las tutor\u00edas colectivas. Es en ellas donde el alumno puede formular consultas espec\u00edficas al profesor, plantearle las dudas surgidas en el estudio de la materia y recibir las explicaciones y orientaciones requeridas. Adem\u00e1s son sumamente \u00fatiles para la correcci\u00f3n de las actividades indicadas por el profesor tutor.<\/p>\n<p>Estas tutor\u00edas se podr\u00e1n realizar tanto presencialmente como a trav\u00e9s del tel\u00e9fono o del correo (postal o electr\u00f3nico). Todos los profesores tienen tutor\u00eda individual en horario de ma\u00f1ana y de tarde.<\/p>\n<h4>Gu\u00eda del alumno y agenda de trabajo<\/h4>\n<p>Al principio de curso se entrega una Gu\u00eda del alumno en el que vienen fijadas las fechas de todas las evaluaciones (tres a lo largo del curso, una final ordinaria y otra extraordinaria), los horarios de tutor\u00edas, correo electr\u00f3nico de los profesores y otras informaciones. Adem\u00e1s, cada profesor entregar\u00e1 la Agenda de Trabajo de su asignatura, con toda la informaci\u00f3n necesaria sobre sus contenidos, la planificaci\u00f3n semanal, su distribuci\u00f3n por evaluaciones, materiales did\u00e1cticos que se van a utilizar, criterios de evaluaci\u00f3n, etc.<\/p>\n<p>Tambi\u00e9n se puede ver aqu\u00ed la <a href=\"https:\/\/iesnapa.educacion.navarra.es\/web\/acceso-a-alumnos\/agendas-de-trabajo\/\">Agenda de trabajo<\/a> de este curso.<\/p>\n<h4>Aula Virtual<\/h4>\n<p>Los alumnos del Instituto F\u00e9lix Urabayen podr\u00e1n tener acceso a un <a href=\"http:\/\/iesnapa.educacion.navarra.es\/moodle2\/\" target=\"_blank\" rel=\"noopener noreferrer\">Aula Virtual<\/a> donde encontrar\u00e1n diversos documentos oficiales del centro y materiales de apoyo de las distintas asignaturas.[\/vc_column_text][vc_custom_heading heading_semantic=\u00bbh3&#8243; text_size=\u00bbh3&#8243; el_id=\u00bbrequisitos\u00bb]<\/p>\n<pre><span class=\"heading-text-highlight \" data-atts='{\"bg\":\"style-subrayado-titulos-bg\",\"height\":\"13%\",\"offset\":\"0.0em\",\"opacity\":\"1\",\"animated\":\"yes\"}'>Requisitos<\/span>\r\n<\/pre>\n<p>[\/vc_custom_heading][vc_column_text css=\u00bb.vc_custom_1690985526640{margin-top: 8px !important;}\u00bb uncode_shortcode_id=\u00bb829106&#8243;]Las personas adultas que deseen cursar Bachillerato cuentan con una organizaci\u00f3n de las ense\u00f1anzas m\u00e1s flexible que en el r\u00e9gimen ordinario.<\/p>\n<p><strong>Requisitos:<\/strong><\/p>\n<p>tener 18 a\u00f1os o cumplirlos en el a\u00f1o en que se matricula, o tener 16 o m\u00e1s a\u00f1os siempre que tengan un contrato laboral que no les permita acudir a los centros educativos en r\u00e9gimen ordinario o sean deportistas de alto rendimiento.<\/p>\n<p><strong>Acceso a 1\u00ba de Bachillerato:<\/strong><\/p>\n<p>Con el t\u00edtulo de Graduado en Educaci\u00f3n Secundaria Obligatoria o en posesi\u00f3n del t\u00edtulo de T\u00e9cnico, T\u00e9cnico de Artes Pl\u00e1sticas y Dise\u00f1o o del t\u00edtulo de T\u00e9cnico Deportivo, o haber cursado ense\u00f1anzas anteriores a la Ley Org\u00e1nica 2\/2006, de 3 de mayo, y encontrarse en disposici\u00f3n de poder acceder a estos estudios.<br \/>\nCon 3 o m\u00e1s materias de 1.\u00ba no superadas en otro instituto, repetici\u00f3n de 1\u00ba completo, salvo para aquellos que tengan 20 a\u00f1os o los cumplan en el a\u00f1o en curso, que conservar\u00edan las materias aprobadas en el bachillerato ordinario.<\/p>\n<p><strong>Acceso a 2\u00ba de Bachillerato:<\/strong><\/p>\n<p>Incorporaci\u00f3n desde otro instituto: Superado 1\u00ba Bachillerato LOMCE\/LOE\/LOGSE, en su totalidad o con un m\u00e1ximo de 2 asignaturas pendientes. Los mayores de 20 a\u00f1os o que os cumplan en\u00a0 el a\u00f1o en curso no deber\u00e1n cursar las materias aprobadas en el Bachillerato ordinario.[\/vc_column_text][vc_custom_heading heading_semantic=\u00bbh3&#8243; text_size=\u00bbh3&#8243; el_id=\u00bbfechas-matricula\u00bb]<\/p>\n<pre><span class=\"heading-text-highlight \" data-atts='{\"bg\":\"style-subrayado-titulos-bg\",\"height\":\"13%\",\"offset\":\"0.0em\",\"opacity\":\"1\",\"animated\":\"yes\"}'>Fechas de matr\u00edcula<\/span>\r\n<\/pre>\n<p>[\/vc_custom_heading][vc_column_text css=\u00bb.vc_custom_1717749303178{margin-top: 8px !important;}\u00bb uncode_shortcode_id=\u00bb431294&#8243;]Las fechas concretas de matr\u00edcula de bachillerato se suelen anunciar en junio. Normalmente se pueden realizar en los \u00faltimos d\u00edas de junio, a finales de agosto y en septiembre. Consulta el apartado Secretar\u00eda &#8211; <a href=\"https:\/\/iesnapa.educacion.navarra.es\/web\/secretaria\/matricula-de-bachillerato\/\">Matr\u00edcula de Bachillerato<\/a>[\/vc_column_text][vc_custom_heading heading_semantic=\u00bbh3&#8243; text_size=\u00bbh3&#8243; el_id=\u00bbte-puede-interesar\u00bb]<\/p>\n<pre><span class=\"heading-text-highlight \" data-atts='{\"bg\":\"style-subrayado-titulos-bg\",\"height\":\"13%\",\"offset\":\"0.0em\",\"opacity\":\"1\",\"animated\":\"yes\"}'>Te puede interesar:<\/span>\r\n<\/pre>\n<p>[\/vc_custom_heading][vc_column_text]<strong><a href=\"https:\/\/www.educacion.navarra.es\/web\/dpto\/estudios-universitarios\/iniciar-los-estudios\" target=\"_blank\" rel=\"noopener noreferrer\">Estudios Universitarios <i class=\"fa fa-link3 fa-1x fa-fw\"><\/i><\/a><\/strong><\/p>\n<p><strong><a href=\"https:\/\/www.educacion.navarra.es\/web\/dpto\/ciclos-formativos\" target=\"_blank\" rel=\"noopener noreferrer\">Formaci\u00f3n Profesional <i class=\"fa fa-link3 fa-1x fa-fw\"><\/i><\/a><\/strong>[\/vc_column_text][\/vc_column][\/vc_row][vc_row][vc_column width=\u00bb1\/1&#8243;][uncode_block id=\u00bb528&#8243;][\/vc_column][\/vc_row][vc_row][vc_column width=\u00bb1\/1&#8243;][uncode_block id=\u00bb448&#8243;][\/vc_column][\/vc_row]<\/p>\n<\/div>","protected":false},"excerpt":{"rendered":"<p>El Bachillerato forma parte de la educaci\u00f3n postobligatoria y permite el acceso a otros estudios o al mundo laboral. Con la EvAU puedes acceder a estudios universitarios.<\/p>\n","protected":false},"author":1,"featured_media":555,"parent":444,"menu_order":0,"comment_status":"closed","ping_status":"closed","template":"","meta":{"footnotes":""},"class_list":["post-361","page","type-page","status-publish","has-post-thumbnail","hentry","page_category-oferta-educativa"],"_links":{"self":[{"href":"https:\/\/iesnapa.educacion.navarra.es\/web\/wp-json\/wp\/v2\/pages\/361"}],"collection":[{"href":"https:\/\/iesnapa.educacion.navarra.es\/web\/wp-json\/wp\/v2\/pages"}],"about":[{"href":"https:\/\/iesnapa.educacion.navarra.es\/web\/wp-json\/wp\/v2\/types\/page"}],"author":[{"embeddable":true,"href":"https:\/\/iesnapa.educacion.navarra.es\/web\/wp-json\/wp\/v2\/users\/1"}],"replies":[{"embeddable":true,"href":"https:\/\/iesnapa.educacion.navarra.es\/web\/wp-json\/wp\/v2\/comments?post=361"}],"version-history":[{"count":72,"href":"https:\/\/iesnapa.educacion.navarra.es\/web\/wp-json\/wp\/v2\/pages\/361\/revisions"}],"predecessor-version":[{"id":2183,"href":"https:\/\/iesnapa.educacion.navarra.es\/web\/wp-json\/wp\/v2\/pages\/361\/revisions\/2183"}],"up":[{"embeddable":true,"href":"https:\/\/iesnapa.educacion.navarra.es\/web\/wp-json\/wp\/v2\/pages\/444"}],"wp:featuredmedia":[{"embeddable":true,"href":"https:\/\/iesnapa.educacion.navarra.es\/web\/wp-json\/wp\/v2\/media\/555"}],"wp:attachment":[{"href":"https:\/\/iesnapa.educacion.navarra.es\/web\/wp-json\/wp\/v2\/media?parent=361"}],"curies":[{"name":"wp","href":"https:\/\/api.w.org\/{rel}","templated":true}]}}