{"id":506,"date":"2020-11-19T21:56:29","date_gmt":"2020-11-19T21:56:29","guid":{"rendered":"https:\/\/iesnapa.educacion.navarra.es\/web\/?page_id=506"},"modified":"2022-07-05T10:09:24","modified_gmt":"2022-07-05T08:09:24","slug":"bachillerato-de-ciencias","status":"publish","type":"page","link":"https:\/\/iesnapa.educacion.navarra.es\/web\/oferta-educativa\/bachillerato\/bachillerato-de-ciencias\/","title":{"rendered":"Bachillerato de Ciencias y Tecnolog\u00eda"},"content":{"rendered":"<div class=\"wpb-content-wrapper\"><p>[vc_row row_height_percent=\u00bb0&#8243; override_padding=\u00bbyes\u00bb h_padding=\u00bb5&#8243; top_padding=\u00bb2&#8243; bottom_padding=\u00bb2&#8243; back_color=\u00bbarena-urabayen\u00bb overlay_alpha=\u00bb50&#8243; gutter_size=\u00bb3&#8243; column_width_percent=\u00bb100&#8243; shift_y=\u00bb0&#8243; z_index=\u00bb0&#8243; el_class=\u00bbinforma\u00bb][vc_column column_width_percent=\u00bb100&#8243; gutter_size=\u00bb3&#8243; overlay_alpha=\u00bb50&#8243; shift_x=\u00bb0&#8243; shift_y=\u00bb0&#8243; shift_y_down=\u00bb0&#8243; z_index=\u00bb0&#8243; medium_width=\u00bb0&#8243; mobile_width=\u00bb0&#8243; width=\u00bb1\/1&#8243;][vc_custom_heading heading_semantic=\u00bbh3&#8243; text_size=\u00bbh3&#8243;]<\/p>\n<pre><span class=\"heading-text-highlight \" data-atts='{\"bg\":\"style-subrayado-titulos-bg\",\"height\":\"13%\",\"offset\":\"0.0em\",\"opacity\":\"1\",\"animated\":\"yes\"}'>\u00bfA qu\u00e9 estudios se puede acceder?<\/span>\r\n<\/pre>\n<p>[\/vc_custom_heading][vc_column_text css=\u00bb.vc_custom_1605823579549{margin-top: 8px !important;}\u00bb]Una vez superadas todas las materias de 1\u00ba y 2\u00ba de Bachillerato, los alumnos obtienen el T\u00edtulo de Bachillerato con el que es posible acceder a cualquiera de los Ciclos Formativos de Grado Superior o acceder a Grados Universitarios como: Ciencia y Tecnolog\u00eda de los Alimentos, Farmacia, Nutrici\u00f3n Humana y Diet\u00e9tica, Ingenier\u00edas, F\u00edsica, Qu\u00edmica, Matem\u00e1ticas, Logopedia, Psicolog\u00eda, Medicina, Odontolog\u00eda, \u00d3ptica y Optometr\u00eda, Podolog\u00eda, Enfermer\u00eda, Fisioterapia o Veterinaria una vez superadas sus correspondientes pruebas de acceso.<\/p>\n<p>El T\u00edtulo de Bachillerato abre adem\u00e1s un importante abanico de posibilidades respecto al \u00e1mbito laboral ya que permite optar a una mayor cantidad de puestos de trabajo en comparaci\u00f3n con aquellos aspirantes que no poseen el T\u00edtulo de Bachillerato.<\/p>\n<p>Es importante recordar que los estudios de Bachillerato permiten optar a una mayor cantidad de oposiciones a funcionarios del estado e incrementa en algunos casos los puntos obtenidos en la oposici\u00f3n.[\/vc_column_text][vc_accordion typography=\u00bbyes\u00bb active_tab=\u00bbno\u00bb][vc_accordion_tab gutter_size=\u00bb2&#8243; column_padding=\u00bb2&#8243; title=\u00bb1) Ciclos Formativos de Grado Superior\u00bb tab_id=\u00bb1604320573-1-431605824203933&#8243;][vc_column_text css=\u00bb.vc_custom_1605824554879{margin-top: 8px !important;}\u00bb]<strong>Modalidad de prueba Familias profesionales a las que da acceso preferente:<\/strong><\/p>\n<ul>\n<li>Actividades f\u00edsicas y deportivas<\/li>\n<li>Agraria<\/li>\n<li><a href=\"http:\/\/ciagroforestal.educacion.navarra.es\/web1\/?page_id=148\">Paisajismo y Medio Rural<\/a><\/li>\n<li><a href=\"http:\/\/ciagroforestal.educacion.navarra.es\/web1\/?page_id=150\">Gesti\u00f3n Forestal y del Medio Natural<\/a><\/li>\n<li><a href=\"http:\/\/ciagroforestal.educacion.navarra.es\/web1\/?page_id=152\">Ganader\u00eda y Asistencia en Sanidad Animal<\/a><\/li>\n<li>Hosteler\u00eda y turismo<\/li>\n<li>Imagen personal<\/li>\n<li>Qu\u00edmica<\/li>\n<li>Sanidad Seguridad y medioambiente<\/li>\n<li>Servicios socioculturales y a la comunidad<\/li>\n<li>Ciencias de la salud\n<ul>\n<li><a href=\"https:\/\/escuelasanitaria.educacion.navarra.es\/web\/oferta-formativa\/ciclos-formativos-de-grado-superior\/higiene-bucodental\">Higiene Bucodental<\/a><\/li>\n<li><a href=\"https:\/\/escuelasanitaria.educacion.navarra.es\/web\/oferta-formativa\/ciclos-formativos-de-grado-superior\/imagen-para-el-diagnostico-y-medicina-nuclear\">Imagen para el Diagn\u00f3stico y Medicina Nuclear<\/a><\/li>\n<li><a href=\"https:\/\/escuelasanitaria.educacion.navarra.es\/web\/oferta-formativa\/ciclos-formativos-de-grado-superior\/laboratorio-clinico-y-biomedico\">Laboratorio Cl\u00ednico y Biom\u00e9dico<\/a><\/li>\n<li><a href=\"https:\/\/escuelasanitaria.educacion.navarra.es\/web\/oferta-formativa\/ciclos-formativos-de-grado-superior\/prevencion-de-riesgos-profesionales\">Prevenci\u00f3n de Riesgos Profesionales<\/a><\/li>\n<li><a href=\"https:\/\/escuelasanitaria.educacion.navarra.es\/web\/oferta-formativa\/ciclos-formativos-de-grado-superior\/protesis-dentales\">Pr\u00f3tesis Dentales<\/a><\/li>\n<li><a href=\"https:\/\/escuelasanitaria.educacion.navarra.es\/web\/oferta-formativa\/ciclos-formativos-de-grado-superior\/salud-ambiental\">Salud Ambiental<\/a><\/li>\n<\/ul>\n<\/li>\n<\/ul>\n<p>[\/vc_column_text][\/vc_accordion_tab][vc_accordion_tab gutter_size=\u00bb2&#8243; column_padding=\u00bb2&#8243; title=\u00bb2) Universitarios. V\u00eda Ciencias de la Salud\u00bb tab_id=\u00bb1605824712536-2-4&#8243;][vc_column_text]<strong>De primer y segundo ciclo: <\/strong><br \/>\nArquitecto.- I. Aeron\u00e1utico.- I. Agr\u00f3nomo.- I. Caminos, Canales y Puertos.- I. Ge\u00f3logo.- I. Industrial.- I. Inform\u00e1tica.- I. Minas.- I.\u00a0Montes.- I. Naval y Oce\u00e1nico.- I. Qu\u00edmico.- I. Telecomunicaci\u00f3n.- L. Administraci\u00f3n y direcci\u00f3n de Empresas.- L. Bellas Artes.- L.\u00a0Biolog\u00eda.- L. Biotecnolog\u00eda.- L. Ciencias de la Actividad F\u00edsica y del Deporte.- L. Ciencias Medioambientales.- L. Ciencias del Mar.- L.\u00a0Ciencias Pol\u00edticas y de la Administraci\u00f3n.- L. Comunicaci\u00f3n Audiovisual.- L. Derecho.- L. Econom\u00eda.- L. Farmacia.- L. Filosof\u00eda.-L.\u00a0F\u00edsica.- L. Geograf\u00eda.- L. Geolog\u00eda.- L. Humanidades.- L.\u00a0Matem\u00e1ticas.- L. Medicina.- L. Odontolog\u00eda.- L.\u00a0Pedagog\u00eda. L.\u00a0Periodismo. L. Psicolog\u00eda. L. Publicidad y Relaciones P\u00fablicas. L.\u00a0Qu\u00edmica.- L. Sociolog\u00eda.- L. Traducci\u00f3n e Interpretaci\u00f3n. L.\u00a0Veterinaria.<\/p>\n<p><strong>De primer ciclo: <\/strong><br \/>\nArquitecto T\u00e9cnico.- D. Biblioteconom\u00eda y Documentaci\u00f3n.- D.\u00a0Ciencias Empresariales.- D. Enfermer\u00eda.- D. Fisioterapia.- D.\u00a0Gesti\u00f3n y Administraci\u00f3n P\u00fablica.- D. Logopedia.- D. M\u00e1quinas Navales.- D. Navegaci\u00f3n Mar\u00edtima.- D. En nutrici\u00f3n Humana y Diet\u00e9tica.- D. \u00d3ptica y Optometr\u00eda.- D. Podolog\u00eda.- D.\u00a0Radioelectr\u00f3nica Naval.- D. Relaciones Laborales.- D. Terapia Ocupacional.- D. Trabajo Social- D. Turismo.- <strong><em>I.T. Aeron\u00e1utico: <\/em><\/strong>Esp.\u00a0Aeromotores.- Esp. Aeronavegaci\u00f3n.- Esp. Aeronaves.- Esp.\u00a0Aeropuertos.- Esp. Equipos y Materiales Aeroespaciales.- <strong><em>I.T.\u00a0Agr\u00edcola: <\/em><\/strong>Esp. Explotaciones Agropecuarias.- Esp.\u00a0Hortofruticultura y Jardiner\u00edas.- Esp. Industrias Agrarias y Alimentarias.- Esp. Mecanizaci\u00f3n y Construcciones Rurales.- <strong><em>IT.\u00a0Forestal: <\/em><\/strong>Esp. Explotaciones Forestales. Esp. Industrias Forestales.- Esp. Electricidad.- Esp. Electr\u00f3nica Industrial.- Esp.\u00a0Mec\u00e1nica.- Esp. Qu\u00edmica Industrial.- Es. Textil. IT. Inform\u00e1tica de Gesti\u00f3n.- I.T. inform\u00e1tica de Sistemas.- <strong><em>I.T.\u00a0Minas: <\/em><\/strong>Esp.\u00a0Explotaci\u00f3n de Minas.- Esp. Instalaciones Electromec\u00e1nicas Mineras.- Esp Mineral\u00fargia y Metal\u00fargia.- Esp. Recursos Energ\u00e9ticos, Combustibles y Explosivos.- Esp. Sondeos y Prospecciones Mineras.- <strong><em>I.T.\u00a0Naval: <\/em><\/strong>Esp. Estructuras Marinas.- Esp. Prospecci\u00f3n y servicios del Buque.- <strong><em>I.T.\u00a0Obras P\u00fablicas: <\/em><\/strong>Esp. Construcciones Civiles.- Esp.\u00a0Hidrolog\u00eda.- Esp. Transportes y Servicios Urbanos.- <strong><em>I.T.\u00a0Telecomunicaci\u00f3n: <\/em><\/strong>Esp. Sistemas de Telecomunicaci\u00f3n. Esp.\u00a0Sistemas Electr\u00f3nicos. Esp. Sonido e Imagen.- Esp.\u00a0Telem\u00e1tica.- <strong><em>Maestro: <\/em><\/strong>Esp. en Audici\u00f3n y Lenguaje.-. Esp.\u00a0Educaci\u00f3n Especial. Esp. Educaci\u00f3n F\u00edsica.- Esp. Educaci\u00f3n Infantil.- Esp. Educaci\u00f3n Musical.- Esp. Educaci\u00f3n Primaria.- Esp.\u00a0Lengua Extranjera[\/vc_column_text][\/vc_accordion_tab][\/vc_accordion][\/vc_column][\/vc_row]<\/p>\n<\/div>","protected":false},"excerpt":{"rendered":"<p>El bachillerato de Ciencias y Tecnolog\u00eda es una de las nuevas modalidades de Bachillerato LOMLOE. Se centra especialmente en todo lo que tenga que ver con la rama de Ciencias. Por eso, sus materias troncales son: Biolog\u00eda, Geolog\u00eda, Dibujo T\u00e9cnico, F\u00edsica y Qu\u00edmica.<\/p>\n","protected":false},"author":1,"featured_media":84,"parent":361,"menu_order":0,"comment_status":"closed","ping_status":"closed","template":"","meta":{"footnotes":""},"class_list":["post-506","page","type-page","status-publish","has-post-thumbnail","hentry","page_category-oferta-educativa"],"_links":{"self":[{"href":"https:\/\/iesnapa.educacion.navarra.es\/web\/wp-json\/wp\/v2\/pages\/506"}],"collection":[{"href":"https:\/\/iesnapa.educacion.navarra.es\/web\/wp-json\/wp\/v2\/pages"}],"about":[{"href":"https:\/\/iesnapa.educacion.navarra.es\/web\/wp-json\/wp\/v2\/types\/page"}],"author":[{"embeddable":true,"href":"https:\/\/iesnapa.educacion.navarra.es\/web\/wp-json\/wp\/v2\/users\/1"}],"replies":[{"embeddable":true,"href":"https:\/\/iesnapa.educacion.navarra.es\/web\/wp-json\/wp\/v2\/comments?post=506"}],"version-history":[{"count":20,"href":"https:\/\/iesnapa.educacion.navarra.es\/web\/wp-json\/wp\/v2\/pages\/506\/revisions"}],"predecessor-version":[{"id":3231,"href":"https:\/\/iesnapa.educacion.navarra.es\/web\/wp-json\/wp\/v2\/pages\/506\/revisions\/3231"}],"up":[{"embeddable":true,"href":"https:\/\/iesnapa.educacion.navarra.es\/web\/wp-json\/wp\/v2\/pages\/361"}],"wp:featuredmedia":[{"embeddable":true,"href":"https:\/\/iesnapa.educacion.navarra.es\/web\/wp-json\/wp\/v2\/media\/84"}],"wp:attachment":[{"href":"https:\/\/iesnapa.educacion.navarra.es\/web\/wp-json\/wp\/v2\/media?parent=506"}],"curies":[{"name":"wp","href":"https:\/\/api.w.org\/{rel}","templated":true}]}}