{"id":520,"date":"2020-11-19T22:31:15","date_gmt":"2020-11-19T22:31:15","guid":{"rendered":"https:\/\/iesnapa.educacion.navarra.es\/web\/?page_id=520"},"modified":"2022-07-05T09:55:33","modified_gmt":"2022-07-05T07:55:33","slug":"bachillerato-de-humanidades-y-ciencias-sociales","status":"publish","type":"page","link":"https:\/\/iesnapa.educacion.navarra.es\/web\/oferta-educativa\/bachillerato\/bachillerato-de-humanidades-y-ciencias-sociales\/","title":{"rendered":"Bachillerato de Humanidades y Ciencias Sociales"},"content":{"rendered":"<div class=\"wpb-content-wrapper\"><p>[vc_row row_height_percent=\u00bb0&#8243; override_padding=\u00bbyes\u00bb h_padding=\u00bb5&#8243; top_padding=\u00bb2&#8243; bottom_padding=\u00bb2&#8243; back_color=\u00bbarena-urabayen\u00bb overlay_alpha=\u00bb50&#8243; gutter_size=\u00bb3&#8243; column_width_percent=\u00bb100&#8243; shift_y=\u00bb0&#8243; z_index=\u00bb0&#8243; el_class=\u00bbinforma\u00bb][vc_column column_width_percent=\u00bb100&#8243; gutter_size=\u00bb3&#8243; overlay_alpha=\u00bb50&#8243; shift_x=\u00bb0&#8243; shift_y=\u00bb0&#8243; shift_y_down=\u00bb0&#8243; z_index=\u00bb0&#8243; medium_width=\u00bb0&#8243; mobile_width=\u00bb0&#8243; width=\u00bb1\/1&#8243;][vc_custom_heading heading_semantic=\u00bbh3&#8243; text_size=\u00bbh3&#8243;]<\/p>\n<pre><span class=\"heading-text-highlight \" data-atts='{\"bg\":\"style-subrayado-titulos-bg\",\"height\":\"13%\",\"offset\":\"0.0em\",\"opacity\":\"1\",\"animated\":\"yes\"}'>\u00bfA qu\u00e9 estudios se puede acceder?<\/span>\r\n<\/pre>\n<p>[\/vc_custom_heading][vc_column_text css=\u00bb.vc_custom_1620208774620{margin-top: 8px !important;}\u00bb]<strong>Humanidades y Ciencias Sociales<\/strong>:<br \/>\nesta modalidad est\u00e1 dirigida al alumnado que quiere cursar estudios human\u00edsticos, como los grados de letras o humanidades, o las Ciencias Sociales, como los grados en Periodismo, Derecho o Administraci\u00f3n y Direcci\u00f3n de Empresas.<\/p>\n<h4><span class=\"arialverde12\">Matr\u00edcula<\/span><\/h4>\n<p>Podr\u00e1 ser por curso completo o por asignaturas sueltas. Se podr\u00e1n matricular de segundo curso completo con un m\u00e1ximo de dos materias pendientes de primero. No hay l\u00edmite de convocatorias. No podr\u00e1 matricularse ninguna persona que tenga bachillerato aprobado, estas personas podr\u00e1n matricularse en el curso preparatorio para la prueba EvAU.<\/p>\n<h4><span class=\"arialverde12\">Fechas de matr\u00edcula<\/span><\/h4>\n<p>Fechas de matr\u00edcula, impresos de matr\u00edcula y documentaci\u00f3n a aportar para formalizar la matr\u00edcula. Se podr\u00e1n consultar en la p\u00e1gina web del instituto: <a href=\"https:\/\/iesnapa.educacion.navarra.es\/\">p\u00e1gina web del Instituto<\/a>, a finales de junio o primeros de julio (en el apartado de secretar\u00eda).[\/vc_column_text][\/vc_column][\/vc_row][vc_row][vc_column width=\u00bb1\/1&#8243;][uncode_block id=\u00bb528&#8243;][\/vc_column][\/vc_row]<\/p>\n<\/div>","protected":false},"excerpt":{"rendered":"<p>Est\u00e1 dirigido a un grupo muy amplio de estudiantes que muestran intereses y destrezas en la lectura, la comunicaci\u00f3n, memorizaci\u00f3n o razonamiento abstracto, permitiendo adquirir los conocimientos y destrezas b\u00e1sicas en los \u00e1mbitos sociales y human\u00edsticos<\/p>\n","protected":false},"author":1,"featured_media":84,"parent":361,"menu_order":0,"comment_status":"closed","ping_status":"closed","template":"","meta":{"footnotes":""},"class_list":["post-520","page","type-page","status-publish","has-post-thumbnail","hentry","page_category-oferta-educativa"],"_links":{"self":[{"href":"https:\/\/iesnapa.educacion.navarra.es\/web\/wp-json\/wp\/v2\/pages\/520"}],"collection":[{"href":"https:\/\/iesnapa.educacion.navarra.es\/web\/wp-json\/wp\/v2\/pages"}],"about":[{"href":"https:\/\/iesnapa.educacion.navarra.es\/web\/wp-json\/wp\/v2\/types\/page"}],"author":[{"embeddable":true,"href":"https:\/\/iesnapa.educacion.navarra.es\/web\/wp-json\/wp\/v2\/users\/1"}],"replies":[{"embeddable":true,"href":"https:\/\/iesnapa.educacion.navarra.es\/web\/wp-json\/wp\/v2\/comments?post=520"}],"version-history":[{"count":11,"href":"https:\/\/iesnapa.educacion.navarra.es\/web\/wp-json\/wp\/v2\/pages\/520\/revisions"}],"predecessor-version":[{"id":3224,"href":"https:\/\/iesnapa.educacion.navarra.es\/web\/wp-json\/wp\/v2\/pages\/520\/revisions\/3224"}],"up":[{"embeddable":true,"href":"https:\/\/iesnapa.educacion.navarra.es\/web\/wp-json\/wp\/v2\/pages\/361"}],"wp:featuredmedia":[{"embeddable":true,"href":"https:\/\/iesnapa.educacion.navarra.es\/web\/wp-json\/wp\/v2\/media\/84"}],"wp:attachment":[{"href":"https:\/\/iesnapa.educacion.navarra.es\/web\/wp-json\/wp\/v2\/media?parent=520"}],"curies":[{"name":"wp","href":"https:\/\/api.w.org\/{rel}","templated":true}]}}