{"id":630,"date":"2024-10-01T12:53:46","date_gmt":"2024-10-01T10:53:46","guid":{"rendered":"https:\/\/iesnapa.educacion.navarra.es\/web\/?page_id=630"},"modified":"2026-01-21T13:25:23","modified_gmt":"2026-01-21T12:25:23","slug":"horarios-de-secretaria","status":"publish","type":"page","link":"https:\/\/iesnapa.educacion.navarra.es\/web\/secretaria\/horarios-de-secretaria\/","title":{"rendered":"Horarios de Secretar\u00eda y cita con Orientaci\u00f3n"},"content":{"rendered":"<div class=\"wpb-content-wrapper\"><p>[vc_row row_height_percent=\u00bb0&#8243; override_padding=\u00bbyes\u00bb h_padding=\u00bb5&#8243; top_padding=\u00bb2&#8243; bottom_padding=\u00bb2&#8243; back_color=\u00bbarena-urabayen\u00bb overlay_alpha=\u00bb50&#8243; gutter_size=\u00bb3&#8243; column_width_percent=\u00bb100&#8243; shift_y=\u00bb0&#8243; z_index=\u00bb0&#8243; el_class=\u00bbinforma\u00bb][vc_column column_width_percent=\u00bb100&#8243; gutter_size=\u00bb3&#8243; overlay_alpha=\u00bb50&#8243; shift_x=\u00bb0&#8243; shift_y=\u00bb0&#8243; shift_y_down=\u00bb0&#8243; z_index=\u00bb0&#8243; medium_width=\u00bb0&#8243; mobile_width=\u00bb0&#8243; width=\u00bb1\/1&#8243;][vc_column_text uncode_shortcode_id=\u00bb705816&#8243;]<\/p>\n<h4 style=\"text-align: left;\"><span style=\"color: #008080;\">ORIENTACI\u00d3N<\/span><\/h4>\n<h4><strong>Pide cita con la orientadora<\/strong>\u00a0clicando en este bot\u00f3n:<\/h4>\n<h4><a href=\"https:\/\/calendar.app.google\/EHkHaK2FrDddeMxp6\"><img decoding=\"async\" class=\"alignnone wp-image-5236\" src=\"https:\/\/iesnapa.educacion.navarra.es\/web\/wp-content\/uploads\/2025\/05\/Boton-azul-cita-orientacion-300x150.png\" alt=\"\" width=\"228\" height=\"114\" srcset=\"https:\/\/iesnapa.educacion.navarra.es\/web\/wp-content\/uploads\/2025\/05\/Boton-azul-cita-orientacion-300x150.png 300w, https:\/\/iesnapa.educacion.navarra.es\/web\/wp-content\/uploads\/2025\/05\/Boton-azul-cita-orientacion-350x175.png 350w, https:\/\/iesnapa.educacion.navarra.es\/web\/wp-content\/uploads\/2025\/05\/Boton-azul-cita-orientacion.png 640w\" sizes=\"(max-width: 228px) 100vw, 228px\" \/><\/a><\/h4>\n<h4><span style=\"color: #008080;\">SECRETAR\u00cdA<\/span><\/h4>\n<h4><span style=\"color: #ff0000;\">EL MI\u00c9RCOLES 28 DE ENERO POR LA TARDE LA SECRETAR\u00cdA ESTAR\u00c1 CERRADA<\/span><\/h4>\n<h4>Horario general de atenci\u00f3n al p\u00fablico<\/h4>\n<p>Lunes, martes y viernes: de 9:00 a 14:00 horas<\/p>\n<p>Mi\u00e9rcoles y jueves: de 9:00 a 14:00 y de 16:00 a 18:00 horas.<\/p>\n<p><em>Hasta el 28 de septiembre<\/em><em>\u00a0la secretar\u00eda estar\u00e1 abierta al p\u00fablico solamente en horario de ma\u00f1ana, de 9:00 a 14:00 horas.<\/em><\/p>\n<p>&nbsp;<\/p>\n<p><a href=\"mailto:f.urabayen@educacion.navarra.es\"><img decoding=\"async\" class=\"sFlh5c FyHeAf iPVvYb aligncenter\" src=\"https:\/\/static.vecteezy.com\/system\/resources\/previews\/002\/206\/154\/non_2x\/email-envelope-icon-free-vector.jpg\" alt=\"icono de sobre de correo electr\u00f3nico 2206154 Vector en Vecteezy\" width=\"84\" height=\"84\" aria-hidden=\"false\" \/><\/a><\/p>\n<p>Si tienes cualquier duda, ponte en contacto con la secretar\u00eda del centro (<a href=\"mailto:f.urabayen@educacion.navarra.es\">f.urabayen@educacion.navarra.es<\/a>).[\/vc_column_text][\/vc_column][\/vc_row][vc_row][vc_column][vc_column_text]<\/p>\n<p>[\/vc_column_text][\/vc_column][\/vc_row]<\/p>\n<\/div>","protected":false},"excerpt":{"rendered":"<p>Te atenderemos en la Secretar\u00eda. Puedes descargar los modelos desde el apartado Impresos.<\/p>\n","protected":false},"author":1,"featured_media":581,"parent":574,"menu_order":0,"comment_status":"closed","ping_status":"closed","template":"","meta":{"footnotes":""},"class_list":["post-630","page","type-page","status-publish","has-post-thumbnail","hentry","page_category-secretaria"],"_links":{"self":[{"href":"https:\/\/iesnapa.educacion.navarra.es\/web\/wp-json\/wp\/v2\/pages\/630"}],"collection":[{"href":"https:\/\/iesnapa.educacion.navarra.es\/web\/wp-json\/wp\/v2\/pages"}],"about":[{"href":"https:\/\/iesnapa.educacion.navarra.es\/web\/wp-json\/wp\/v2\/types\/page"}],"author":[{"embeddable":true,"href":"https:\/\/iesnapa.educacion.navarra.es\/web\/wp-json\/wp\/v2\/users\/1"}],"replies":[{"embeddable":true,"href":"https:\/\/iesnapa.educacion.navarra.es\/web\/wp-json\/wp\/v2\/comments?post=630"}],"version-history":[{"count":34,"href":"https:\/\/iesnapa.educacion.navarra.es\/web\/wp-json\/wp\/v2\/pages\/630\/revisions"}],"predecessor-version":[{"id":5691,"href":"https:\/\/iesnapa.educacion.navarra.es\/web\/wp-json\/wp\/v2\/pages\/630\/revisions\/5691"}],"up":[{"embeddable":true,"href":"https:\/\/iesnapa.educacion.navarra.es\/web\/wp-json\/wp\/v2\/pages\/574"}],"wp:featuredmedia":[{"embeddable":true,"href":"https:\/\/iesnapa.educacion.navarra.es\/web\/wp-json\/wp\/v2\/media\/581"}],"wp:attachment":[{"href":"https:\/\/iesnapa.educacion.navarra.es\/web\/wp-json\/wp\/v2\/media?parent=630"}],"curies":[{"name":"wp","href":"https:\/\/api.w.org\/{rel}","templated":true}]}}