{"id":637,"date":"2021-12-19T17:51:09","date_gmt":"2021-12-19T16:51:09","guid":{"rendered":"https:\/\/iesnapa.educacion.navarra.es\/web\/?page_id=637"},"modified":"2026-01-08T11:06:35","modified_gmt":"2026-01-08T10:06:35","slug":"matricula-espa","status":"publish","type":"page","link":"https:\/\/iesnapa.educacion.navarra.es\/web\/secretaria\/matricula-espa\/","title":{"rendered":"Matr\u00edcula ESPA y prueba VIA"},"content":{"rendered":"<div class=\"wpb-content-wrapper\"><p>[vc_row row_height_percent=\u00bb0&#8243; override_padding=\u00bbyes\u00bb h_padding=\u00bb5&#8243; top_padding=\u00bb2&#8243; bottom_padding=\u00bb2&#8243; back_color=\u00bbarena-urabayen\u00bb overlay_alpha=\u00bb50&#8243; gutter_size=\u00bb3&#8243; column_width_percent=\u00bb100&#8243; shift_y=\u00bb0&#8243; z_index=\u00bb0&#8243; el_class=\u00bbinforma\u00bb][vc_column column_width_percent=\u00bb100&#8243; gutter_size=\u00bb3&#8243; overlay_alpha=\u00bb50&#8243; shift_x=\u00bb0&#8243; shift_y=\u00bb0&#8243; shift_y_down=\u00bb0&#8243; z_index=\u00bb0&#8243; medium_width=\u00bb0&#8243; mobile_width=\u00bb0&#8243; width=\u00bb1\/1&#8243;][vc_custom_heading heading_semantic=\u00bbh3&#8243; text_size=\u00bbh3&#8243; uncode_shortcode_id=\u00bb918783&#8243;]<\/p>\n<pre><span class=\"heading-text-highlight \" data-atts='{\"bg\":\"style-subrayado-titulos-bg\",\"height\":\"13%\",\"offset\":\"0.0em\",\"opacity\":\"1\",\"animated\":\"yes\"}'>Calendario e instrucciones de matr\u00edcula - curso 2025 - 2026<\/span><\/pre>\n<p>[\/vc_custom_heading][vc_column_text uncode_shortcode_id=\u00bb253456&#8243;]La Educaci\u00f3n secundaria de adultos se cursa por cuatrimestres. La informaci\u00f3n acerca de la matr\u00edcula se suele publicar en junio para el primer cuatrimestre (que se cursa de septiembre a febrero) y en diciembre para el segundo (que se curso de febrero a junio).<\/p>\n<p>Puedes ver la informaci\u00f3n sobre c\u00f3mo inscribirte y matricularte <a href=\"https:\/\/iesnapa.educacion.navarra.es\/web\/blog\/matricula-espa-bachiller-2025-2026\/\">aqu\u00ed<\/a><\/p>\n<p>&nbsp;<\/p>\n<p>[\/vc_column_text][uncode_list el_class=\u00bblistas-icono\u00bb uncode_shortcode_id=\u00bb174029&#8243;]<a href=\"https:\/\/drive.google.com\/file\/d\/1ow2YBV3rjHczpQaRDljVO6zK_csf3e-O\/view?usp=sharing\"><span style=\"color: #3366ff;\">Fechas de inscripci\u00f3n y matr\u00edcula para el segundo cuatrimestre de ESPA 2025-26<\/span><\/a><\/p>\n<p>&nbsp;<\/p>\n<p>[\/uncode_list][uncode_list el_class=\u00bblistas-icono\u00bb uncode_shortcode_id=\u00bb598621&#8243;][\/uncode_list][vc_custom_heading heading_semantic=\u00bbh3&#8243; text_size=\u00bbh3&#8243; uncode_shortcode_id=\u00bb159014&#8243;]<\/p>\n<pre><span class=\"heading-text-highlight \" data-atts='{\"bg\":\"style-subrayado-titulos-bg\",\"height\":\"13%\",\"offset\":\"0.0em\",\"opacity\":\"1\",\"animated\":\"yes\"}'>Informaci\u00f3n General<\/span><\/pre>\n<p>[\/vc_custom_heading][vc_column_text uncode_shortcode_id=\u00bb154003&#8243;]<strong>Requisito de edad<\/strong><br \/>\nTener 18 a\u00f1os o cumplirlos a 31 de diciembre del a\u00f1o de comienzo del curso. Tambi\u00e9n se pueden matricular los mayores de 16 a\u00f1os, si tienen un contrato de trabajo o est\u00e1n reconocidos como deportistas de alto rendimiento.<\/p>\n<p><strong>Matr\u00edcula<\/strong><br \/>\nLa matr\u00edcula podr\u00e1 ser del curso completo o por asignaturas sueltas.<\/p>\n<p><strong>Prueba de Valoraci\u00f3n Inicial de los Aprendizajes (VIA)<\/strong><br \/>\nAquellas personas que deseen matricularse en la Ense\u00f1anza Secundaria para Personas Adultas y no tengan documentaci\u00f3n alguna de sus estudios previos deber\u00e1n realizar unas pruebas de nivel, las llamadas Pruebas VIA.<br \/>\nPara ello se inscribir\u00e1n en la secretar\u00eda en los plazos que se fijen antes de cada cuatrimestre, en agosto-septiembre y en enero.[\/vc_column_text][uncode_list el_class=\u00bblistas-icono\u00bb uncode_shortcode_id=\u00bb945943&#8243;]<\/p>\n<ul>\n<li><a href=\"https:\/\/iesnapa.educacion.navarra.es\/web\/wp-content\/uploads\/2025\/11\/INFOR_MATR_PRUEBA_VIA-2.docx\"><strong>Informaci\u00f3n sobre las pruebas VIA<\/strong><\/a><\/li>\n<li><a href=\"https:\/\/forms.gle\/F6mKjHbURSBbvdeM7\"><strong>Formulario de inscripci\u00f3n a las pruebas VIA<\/strong><\/a> (Puedes rellenarlo en cualquier momento hasta el 27 de enero de 2026. Si te inscribes por este formulario no necesitas descargar y rellenar el impreso de aqu\u00ed debajo).<\/li>\n<\/ul>\n<p>[\/uncode_list][uncode_list el_class=\u00bblistas-icono\u00bb uncode_shortcode_id=\u00bb336998&#8243;]<\/p>\n<ul>\n<li><strong><a href=\"https:\/\/iesnapa.educacion.navarra.es\/web\/wp-content\/uploads\/2025\/11\/01_VIA_inscr_2.docx\">Impreso de inscripci\u00f3n en la prueba VIA<\/a><\/strong> (Solamente si no te has inscrito por el formulario web de aqu\u00ed arriba. Puedes rellenarlo y entregarlo en la oficina hasta 1 de septiembre).<\/li>\n<\/ul>\n<p>[\/uncode_list][vc_accordion typography=\u00bbyes\u00bb active_tab=\u00bbno\u00bb][vc_accordion_tab gutter_size=\u00bb2&#8243; column_padding=\u00bb2&#8243; title=\u00bb\u00bfC\u00f3mo es la prueba VIA?\u00bb tab_id=\u00bb1606155431-1-18&#8243;][vc_column_text]<strong>1\u00ba) Pruebas de Lengua Espa\u00f1ola e Idioma Extranjero (se podr\u00e1 elegir entre franc\u00e9s o ingl\u00e9s). Duraci\u00f3n: 1,5 h.<\/strong><\/p>\n<p>La prueba de Lengua constar\u00e1 de un texto (probablemente relativo a la actualidad informativa) seguido de una serie de preguntas que servir\u00e1n para medir las competencias b\u00e1sicas del alumno en compresi\u00f3n lectora y expresi\u00f3n escrita. Se requiere un nivel aceptable de cultura general para poder responder a dichas preguntas.<br \/>\nLa prueba de ingl\u00e9s tendr\u00e1 dos partes:<\/p>\n<p>1) Respuestas a preguntas de diversos tiempos verbales (What do you do?, What time do you get up?, What did you do yesterday?, What have you had for breakfast?, Will you pass your English exam?).<\/p>\n<p>2) Redactar entre 50 y 60 palabras sobre un tema (hobbies, my family, my life, etc..)<br \/>\nLa prueba de franc\u00e9s incluir\u00e1 la traducci\u00f3n de un texto al castellano, algunas preguntas de gram\u00e1tica sobre el mismo texto (como el cambio del tiempo de unos verbos) y una redacci\u00f3n.<\/p>\n<p><strong>2\u00ba) Prueba de Matem\u00e1ticas. Duraci\u00f3n: 1,5 h.<\/strong><\/p>\n<p>En la prueba de Matem\u00e1ticas se propondr\u00e1n ejercicios y problemas de los siguientes temas: N\u00fameros naturales, enteros y fracciones. Operaciones. \u2013Potencias de n\u00fameros enteros. Operaciones. \u2013 Ra\u00edces: Suma, resta, multiplicaci\u00f3n y racionalizaci\u00f3n. \u2013Expresiones algebraicas, polinomios, ecuaciones y sistemas de ecuaciones. \u00c1reas de figuras planas. \u2013Gr\u00e1ficas de la recta y la par\u00e1bola. \u2013Estad\u00edstica: Tablas, gr\u00e1ficas, par\u00e1metros estad\u00edsticos (media, mediana, moda, recorrido, desviaciones y varianza). \u2013Probabilidad. Ley de Laplace.[\/vc_column_text][\/vc_accordion_tab][\/vc_accordion][vc_custom_heading heading_semantic=\u00bbh3&#8243; text_size=\u00bbh3&#8243;]<\/p>\n<pre><span class=\"heading-text-highlight \" data-atts='{\"bg\":\"style-subrayado-titulos-bg\",\"height\":\"13%\",\"offset\":\"0.0em\",\"opacity\":\"1\",\"animated\":\"yes\"}'>Documentaci\u00f3n que se debe presentar<\/span><\/pre>\n<p>[\/vc_custom_heading][vc_column_text uncode_shortcode_id=\u00bb177855&#8243;]<strong>Alumnos matriculados el cuatrimestre anterior, antiguos alumnos y nuevos alumnos:<\/strong><\/p>\n<ul>\n<li>El impreso de matr\u00edcula debidamente cumplimentado, especificando la modalidad presencial, ma\u00f1ana o tarde, o a distancia.<\/li>\n<li>Dos fotograf\u00edas con el nombre y apellido por detr\u00e1s.<\/li>\n<li>5 euros por cada asignatura matriculada, en concepto de fotocopias y otros materiales impresos que se entregar\u00e1n a lo largo del curso. El pago se efectuar\u00e1 por transferencia o, preferentemente con tarjeta.<\/li>\n<li>1 euro en concepto de seguro escolar, si procede<\/li>\n<\/ul>\n<p><strong>Solo para alumnos que no han realizado la prueba VIA<\/strong><\/p>\n<ul class=\"listaapartadonumero\">\n<li>Fotocopia y original del t\u00edtulo de Graduado Escolar o del Certificado de Estudios Primarios o del certificado de escolaridad o del certificado de haber superado un P.I.P. o certificaci\u00f3n acad\u00e9mica.<\/li>\n<li>Fotocopia del D.N.I.<\/li>\n<\/ul>\n<p>[\/vc_column_text][\/vc_column][\/vc_row][vc_row][vc_column width=\u00bb1\/1&#8243;][uncode_block id=\u00bb621&#8243;][\/vc_column][\/vc_row]<\/p>\n<\/div>","protected":false},"excerpt":{"rendered":"<p>La Educaci\u00f3n Secundaria para Personas Adultas te permitir\u00e1 obtener el t\u00edtulo de Graduado en Educaci\u00f3n Secundaria (ESO).<\/p>\n","protected":false},"author":1,"featured_media":0,"parent":574,"menu_order":0,"comment_status":"closed","ping_status":"closed","template":"","meta":{"footnotes":""},"class_list":["post-637","page","type-page","status-publish","hentry","page_category-secretaria"],"_links":{"self":[{"href":"https:\/\/iesnapa.educacion.navarra.es\/web\/wp-json\/wp\/v2\/pages\/637"}],"collection":[{"href":"https:\/\/iesnapa.educacion.navarra.es\/web\/wp-json\/wp\/v2\/pages"}],"about":[{"href":"https:\/\/iesnapa.educacion.navarra.es\/web\/wp-json\/wp\/v2\/types\/page"}],"author":[{"embeddable":true,"href":"https:\/\/iesnapa.educacion.navarra.es\/web\/wp-json\/wp\/v2\/users\/1"}],"replies":[{"embeddable":true,"href":"https:\/\/iesnapa.educacion.navarra.es\/web\/wp-json\/wp\/v2\/comments?post=637"}],"version-history":[{"count":113,"href":"https:\/\/iesnapa.educacion.navarra.es\/web\/wp-json\/wp\/v2\/pages\/637\/revisions"}],"predecessor-version":[{"id":5683,"href":"https:\/\/iesnapa.educacion.navarra.es\/web\/wp-json\/wp\/v2\/pages\/637\/revisions\/5683"}],"up":[{"embeddable":true,"href":"https:\/\/iesnapa.educacion.navarra.es\/web\/wp-json\/wp\/v2\/pages\/574"}],"wp:attachment":[{"href":"https:\/\/iesnapa.educacion.navarra.es\/web\/wp-json\/wp\/v2\/media?parent=637"}],"curies":[{"name":"wp","href":"https:\/\/api.w.org\/{rel}","templated":true}]}}