{"id":733,"date":"2020-11-25T12:54:45","date_gmt":"2020-11-25T12:54:45","guid":{"rendered":"https:\/\/iesnapa.educacion.navarra.es\/web\/?page_id=733"},"modified":"2021-04-13T12:48:11","modified_gmt":"2021-04-13T10:48:11","slug":"localizacion-y-contacto","status":"publish","type":"page","link":"https:\/\/iesnapa.educacion.navarra.es\/web\/el-centro\/localizacion-y-contacto\/","title":{"rendered":"Localizaci\u00f3n y contacto"},"content":{"rendered":"<div class=\"wpb-content-wrapper\"><p>[vc_row row_height_percent=\u00bb0&#8243; override_padding=\u00bbyes\u00bb h_padding=\u00bb5&#8243; top_padding=\u00bb2&#8243; bottom_padding=\u00bb2&#8243; back_color=\u00bbarena-urabayen\u00bb overlay_alpha=\u00bb50&#8243; gutter_size=\u00bb2&#8243; column_width_percent=\u00bb100&#8243; shift_y=\u00bb0&#8243; z_index=\u00bb0&#8243; el_class=\u00bbinforma\u00bb][vc_column column_width_percent=\u00bb100&#8243; gutter_size=\u00bb3&#8243; overlay_alpha=\u00bb50&#8243; shift_x=\u00bb0&#8243; shift_y=\u00bb0&#8243; shift_y_down=\u00bb0&#8243; z_index=\u00bb0&#8243; medium_width=\u00bb0&#8243; mobile_width=\u00bb0&#8243; width=\u00bb1\/2&#8243;][vc_custom_heading heading_semantic=\u00bbh3&#8243; text_size=\u00bbh3&#8243;]<span class=\"heading-text-highlight \" data-atts='{\"bg\":\"style-subrayado-titulos-bg\",\"height\":\"13%\",\"offset\":\"0.0em\",\"opacity\":\"1\",\"animated\":\"yes\"}'>IESNAPA F\u00e9lix Urabayen<\/span>[\/vc_custom_heading][vc_column_text text_lead=\u00bbyes\u00bb css=\u00bb.vc_custom_1611565850729{margin-top: 8px !important;}\u00bb]<mark>Centro de Secundaria para adultos<\/mark><\/p>\n<p>C\/ Bartolom\u00e9 de Carranza 5 &#8211; 31008 Pamplona<br \/>\nTel.: +34 848 430 420<br \/>\nFax:<\/p>\n<p>Secretar\u00eda:\u00a0<a href=\"mailto:f.urabayen@educacion.navarra.es\">f.urabayen@educacion.navarra.es<\/a><br \/>\nDirecci\u00f3n:\u00a0<a href=\"mailto:fu.direccion@educacion.navarra.es\">fu.direccion@educacion.navarra.es<\/a><\/p>\n<p><i class=\"fa fa-automobile\"><\/i> Acceso en coche por la C\/ Ermitaga\u00f1a y C\/ Irunlarrea.<br \/>\n<i class=\"fa fa-bus\"><\/i> Autob\u00fas L\u00ednea 12<\/p>\n<p><strong>Horario de apertura:<\/strong><br \/>\n<mark>(Durante el curso)<\/mark><br \/>\nDe lunes a viernes: ma\u00f1anas de 9:00 h. a 14:00 h, tardes de 16:00 a 21:00 h.[\/vc_column_text][\/vc_column][vc_column width=\u00bb1\/2&#8243;][vc_raw_html]JTNDaWZyYW1lJTIwc3JjJTNEJTIyaHR0cHMlM0ElMkYlMkZ3d3cuZ29vZ2xlLmNvbSUyRm1hcHMlMkZlbWJlZCUzRnBiJTNEJTIxMW0xOCUyMTFtMTIlMjExbTMlMjExZDI5MjYuOTM0OTU0MTAzMjA3NSUyMTJkLTEuNjczMjY5Mjg0MDY1MDMwNyUyMTNkNDIuODEwODYwNTc5MTU5MTYlMjEybTMlMjExZjAlMjEyZjAlMjEzZjAlMjEzbTIlMjExaTEwMjQlMjEyaTc2OCUyMTRmMTMuMSUyMTNtMyUyMTFtMiUyMTFzMHhkNTA5MjdkZDgzMTQyNjElMjUzQTB4NDE1M2EwMzlkNjlhODc3NyUyMTJzSUVTTkFQQSUyNTIwRiUyNUMzJTI1QTlsaXglMjUyMFVyYWJheWVuJTIxNWUwJTIxM20yJTIxMXNlcyUyMTJzZXMlMjE0djE2MDc2ODM3Mjc3MTAlMjE1bTIlMjExc2VzJTIxMnNlcyUyMiUyMHdpZHRoJTNEJTIyNjAwJTIyJTIwaGVpZ2h0JTNEJTIyMzIwJTIyJTIwZnJhbWVib3JkZXIlM0QlMjIwJTIyJTIwc3R5bGUlM0QlMjJib3JkZXIlM0EwJTNCJTIyJTIwYWxsb3dmdWxsc2NyZWVuJTNEJTIyJTIyJTIwYXJpYS1oaWRkZW4lM0QlMjJmYWxzZSUyMiUyMHRhYmluZGV4JTNEJTIyMCUyMiUzRSUzQyUyRmlmcmFtZSUzRQ==[\/vc_raw_html][\/vc_column][\/vc_row]<\/p>\n<\/div>","protected":false},"excerpt":{"rendered":"<p>El Instituto F\u00e9lix Urabayen est\u00e1 situado en el barrio de Ermitaga\u00f1a, cerca del centro de Salud. Es un edificio compartido, que se ve desde el Patio del Polideportivo de Ermitaga\u00f1a. <\/p>\n","protected":false},"author":1,"featured_media":1035,"parent":750,"menu_order":0,"comment_status":"closed","ping_status":"closed","template":"","meta":{"footnotes":""},"class_list":["post-733","page","type-page","status-publish","has-post-thumbnail","hentry","page_category-el-centro"],"_links":{"self":[{"href":"https:\/\/iesnapa.educacion.navarra.es\/web\/wp-json\/wp\/v2\/pages\/733"}],"collection":[{"href":"https:\/\/iesnapa.educacion.navarra.es\/web\/wp-json\/wp\/v2\/pages"}],"about":[{"href":"https:\/\/iesnapa.educacion.navarra.es\/web\/wp-json\/wp\/v2\/types\/page"}],"author":[{"embeddable":true,"href":"https:\/\/iesnapa.educacion.navarra.es\/web\/wp-json\/wp\/v2\/users\/1"}],"replies":[{"embeddable":true,"href":"https:\/\/iesnapa.educacion.navarra.es\/web\/wp-json\/wp\/v2\/comments?post=733"}],"version-history":[{"count":26,"href":"https:\/\/iesnapa.educacion.navarra.es\/web\/wp-json\/wp\/v2\/pages\/733\/revisions"}],"predecessor-version":[{"id":2131,"href":"https:\/\/iesnapa.educacion.navarra.es\/web\/wp-json\/wp\/v2\/pages\/733\/revisions\/2131"}],"up":[{"embeddable":true,"href":"https:\/\/iesnapa.educacion.navarra.es\/web\/wp-json\/wp\/v2\/pages\/750"}],"wp:featuredmedia":[{"embeddable":true,"href":"https:\/\/iesnapa.educacion.navarra.es\/web\/wp-json\/wp\/v2\/media\/1035"}],"wp:attachment":[{"href":"https:\/\/iesnapa.educacion.navarra.es\/web\/wp-json\/wp\/v2\/media?parent=733"}],"curies":[{"name":"wp","href":"https:\/\/api.w.org\/{rel}","templated":true}]}}