{"id":789,"date":"2020-11-29T12:37:15","date_gmt":"2020-11-29T12:37:15","guid":{"rendered":"https:\/\/iesnapa.educacion.navarra.es\/web\/?page_id=789"},"modified":"2021-04-19T12:53:16","modified_gmt":"2021-04-19T10:53:16","slug":"acceso-a-alumnos","status":"publish","type":"page","link":"https:\/\/iesnapa.educacion.navarra.es\/web\/acceso-a-alumnos\/","title":{"rendered":"Acceso a alumnos"},"content":{"rendered":"","protected":false},"excerpt":{"rendered":"<p>Los alumnos encontrar\u00e1n en esta secci\u00f3n informaci\u00f3n pr\u00e1ctica sobre el curso.<\/p>\n","protected":false},"author":1,"featured_media":792,"parent":0,"menu_order":0,"comment_status":"closed","ping_status":"closed","template":"","meta":{"footnotes":""},"class_list":["post-789","page","type-page","status-publish","has-post-thumbnail","hentry","page_category-acceso-a-alumnos"],"_links":{"self":[{"href":"https:\/\/iesnapa.educacion.navarra.es\/web\/wp-json\/wp\/v2\/pages\/789"}],"collection":[{"href":"https:\/\/iesnapa.educacion.navarra.es\/web\/wp-json\/wp\/v2\/pages"}],"about":[{"href":"https:\/\/iesnapa.educacion.navarra.es\/web\/wp-json\/wp\/v2\/types\/page"}],"author":[{"embeddable":true,"href":"https:\/\/iesnapa.educacion.navarra.es\/web\/wp-json\/wp\/v2\/users\/1"}],"replies":[{"embeddable":true,"href":"https:\/\/iesnapa.educacion.navarra.es\/web\/wp-json\/wp\/v2\/comments?post=789"}],"version-history":[{"count":9,"href":"https:\/\/iesnapa.educacion.navarra.es\/web\/wp-json\/wp\/v2\/pages\/789\/revisions"}],"predecessor-version":[{"id":2173,"href":"https:\/\/iesnapa.educacion.navarra.es\/web\/wp-json\/wp\/v2\/pages\/789\/revisions\/2173"}],"wp:featuredmedia":[{"embeddable":true,"href":"https:\/\/iesnapa.educacion.navarra.es\/web\/wp-json\/wp\/v2\/media\/792"}],"wp:attachment":[{"href":"https:\/\/iesnapa.educacion.navarra.es\/web\/wp-json\/wp\/v2\/media?parent=789"}],"curies":[{"name":"wp","href":"https:\/\/api.w.org\/{rel}","templated":true}]}}