{"id":832,"date":"2026-03-30T09:00:43","date_gmt":"2026-03-30T07:00:43","guid":{"rendered":"https:\/\/iesnapa.educacion.navarra.es\/web\/?page_id=832"},"modified":"2026-03-31T12:47:53","modified_gmt":"2026-03-31T10:47:53","slug":"horarios-de-examenes","status":"publish","type":"page","link":"https:\/\/iesnapa.educacion.navarra.es\/web\/acceso-a-alumnos\/horarios-de-examenes\/","title":{"rendered":"Horarios de ex\u00e1menes"},"content":{"rendered":"<div class=\"wpb-content-wrapper\"><p>[vc_row row_height_percent=\u00bb0&#8243; override_padding=\u00bbyes\u00bb h_padding=\u00bb5&#8243; top_padding=\u00bb2&#8243; bottom_padding=\u00bb2&#8243; back_color=\u00bbarena-urabayen\u00bb overlay_alpha=\u00bb50&#8243; gutter_size=\u00bb3&#8243; column_width_percent=\u00bb100&#8243; shift_y=\u00bb0&#8243; z_index=\u00bb0&#8243; el_class=\u00bbinforma\u00bb][vc_column column_width_percent=\u00bb100&#8243; gutter_size=\u00bb3&#8243; overlay_alpha=\u00bb50&#8243; shift_x=\u00bb0&#8243; shift_y=\u00bb0&#8243; shift_y_down=\u00bb0&#8243; z_index=\u00bb0&#8243; medium_width=\u00bb0&#8243; mobile_width=\u00bb0&#8243; width=\u00bb1\/1&#8243;][vc_column_text uncode_shortcode_id=\u00bb194434&#8243;]<\/p>\n<p style=\"text-align: center;\"><strong><a href=\"https:\/\/iesnapa.educacion.navarra.es\/web\/wp-content\/uploads\/2023\/03\/EXA\u0301MENES-EXTRACTO-DEL-DOCUMENTO-NOFC.pdf\">Normas generales para la realizaci\u00f3n de ex\u00e1menes (clica aqu\u00ed)<\/a><\/strong><\/p>\n<p>En la pesta\u00f1a <a href=\"https:\/\/iesnapa.educacion.navarra.es\/web\/acceso-a-alumnos\/calendario-del-curso\/\">Calendario del curso<\/a> del apartado <em>Acceso alumnos<\/em> de esta web puedes ver los d\u00edas (sin los horarios exactos, que se pueden ver aqu\u00ed debajo) en los que se celebran los ex\u00e1menes de cada evaluaci\u00f3n o los finales de cada etapa educativa (ESPA, Bachillerato, Acceso a ciclos formativos&#8230;) .<\/p>\n<p>Recuerda, sobre todo, traer el DNI o NIE y que no est\u00e1 permitido tener a mano el m\u00f3vil o cualquier otro dispositivo electr\u00f3nico.<\/p>\n<p>Si por un motivo justificado no puedes asistir a un examen en el d\u00eda y hora que ha sido convocado, puedes solicitar <strong>cambio de fecha u hora <\/strong>con el siguiente <a href=\"https:\/\/iesnapa.educacion.navarra.es\/web\/wp-content\/uploads\/2021\/04\/instancia-cambio-examen.pdf\">impreso<\/a>, que debes enviar a la jefe de estudios (<a href=\"mailto:fu.his4@educacion.navarra.es\">fu.his4@educacion.navarra.es<\/a>) con <strong>al menos una semana de antelaci\u00f3n<\/strong> a la fecha propuesta para el examen. Recuerda que <strong>los cambios solamente se pueden hacer dentro del periodo fijado para cada evaluaci\u00f3n<\/strong>.<\/p>\n<p><strong>Si te coinciden<\/strong> dos ex\u00e1menes en la misma fecha, ponte en contacto lo antes posible con la jefe de estudios (<a href=\"mailto:fu.his4@educacion.navarra.es\">fu.his4@educacion.navarra.es<\/a>) para encontrar fechas alternativas.[\/vc_column_text][vc_separator sep_color=\u00bbblanco\u00bb el_width=\u00bb100%\u00bb el_height=\u00bb4px\u00bb][vc_custom_heading heading_semantic=\u00bbh3&#8243; text_size=\u00bbh3&#8243; uncode_shortcode_id=\u00bb209517&#8243;]<\/p>\n<pre><span class=\"heading-text-highlight \" data-atts='{\"bg\":\"style-subrayado-titulos-bg\",\"height\":\"13%\",\"offset\":\"0.0em\",\"opacity\":\"1\",\"animated\":\"yes\"}'>Horarios de ESPA<\/span><\/pre>\n<p>[\/vc_custom_heading][vc_row_inner row_inner_height_percent=\u00bb0&#8243; overlay_alpha=\u00bb50&#8243; gutter_size=\u00bb3&#8243; shift_y=\u00bb0&#8243; z_index=\u00bb0&#8243;][vc_column_inner column_width_percent=\u00bb100&#8243; gutter_size=\u00bb3&#8243; overlay_alpha=\u00bb50&#8243; shift_x=\u00bb0&#8243; shift_y=\u00bb0&#8243; shift_y_down=\u00bb0&#8243; z_index=\u00bb0&#8243; medium_width=\u00bb0&#8243; mobile_width=\u00bb0&#8243; width=\u00bb1\/2&#8243;][vc_column_text uncode_shortcode_id=\u00bb166260&#8243;]<\/p>\n<h4><span style=\"color: #333333;\">ESPA Presencial<\/span><\/h4>\n<p>Ex\u00e1menes de ESPA presencial del segundo cuatrimestre del curso 2025-2026[\/vc_column_text][\/vc_column_inner][vc_column_inner width=\u00bb1\/2&#8243;][vc_column_text uncode_shortcode_id=\u00bb130695&#8243;]<\/p>\n<h4><span style=\"color: #333333;\">ESPA\u00a0 Distancia<\/span><\/h4>\n<p>Ex\u00e1menes de ESPA a distancia del segundo cuatrimestre del curso 2025-2026<\/p>\n<p>[\/vc_column_text][\/vc_column_inner][\/vc_row_inner][vc_separator sep_color=\u00bbblanco\u00bb el_width=\u00bb100%\u00bb el_height=\u00bb4px\u00bb][vc_custom_heading heading_semantic=\u00bbh3&#8243; text_size=\u00bbh3&#8243; uncode_shortcode_id=\u00bb146388&#8243;]<\/p>\n<pre><span class=\"heading-text-highlight \" data-atts='{\"bg\":\"style-subrayado-titulos-bg\",\"height\":\"13%\",\"offset\":\"0.0em\",\"opacity\":\"1\",\"animated\":\"yes\"}'>Horarios de Bachillerato<\/span><\/pre>\n<p>[\/vc_custom_heading][vc_row_inner][vc_column_inner width=\u00bb1\/2&#8243;][vc_column_text uncode_shortcode_id=\u00bb138445&#8243;]<\/p>\n<h4>1\u00ba de Bachillerato<\/h4>\n<p><a href=\"https:\/\/drive.google.com\/file\/d\/1RvgThCi8pVw56LV-hSRQwkg9T0mgt5eB\/view?usp=sharing\">Ex\u00e1menes de 3.\u00aa evaluaci\u00f3n 1.\u00ba Bachillerato<\/a>[\/vc_column_text][\/vc_column_inner][vc_column_inner width=\u00bb1\/2&#8243;][vc_column_text uncode_shortcode_id=\u00bb154341&#8243;]<\/p>\n<h4>2\u00ba de Bachillerato<\/h4>\n<p><a href=\"https:\/\/drive.google.com\/file\/d\/1-hTXH3hMKVs4IF_iPADujOd3GZUm0kus\/view?usp=drive_link\">Ex\u00e1menes de 3.\u00aa evaluaci\u00f3n\u00a0 2.\u00ba de Bachillerato<\/a><\/p>\n<p>[\/vc_column_text][\/vc_column_inner][\/vc_row_inner][vc_separator sep_color=\u00bbblanco\u00bb el_width=\u00bb100%\u00bb el_height=\u00bb4px\u00bb][vc_custom_heading heading_semantic=\u00bbh3&#8243; text_size=\u00bbh3&#8243; uncode_shortcode_id=\u00bb976983&#8243;]<\/p>\n<pre><span class=\"heading-text-highlight \" data-atts='{\"bg\":\"style-subrayado-titulos-bg\",\"height\":\"13%\",\"offset\":\"0.0em\",\"opacity\":\"1\",\"animated\":\"yes\"}'>Horarios del curso de acceso a Grado<\/span><\/pre>\n<p>[\/vc_custom_heading][vc_row_inner][vc_column_inner width=\u00bb1\/2&#8243;][vc_column_text uncode_shortcode_id=\u00bb190373&#8243;]<\/p>\n<h4>Acceso a Grado Medio<strong> (m<\/strong><strong>odalidades Presencial y a Distancia)<\/strong><\/h4>\n<p><a href=\"https:\/\/drive.google.com\/file\/d\/1Y-JLbYIqvyXFzPLb5dJGr8Gj3TLzgIKP\/view?usp=drive_link\">Ex\u00e1menes de 3.\u00aa evaluaci\u00f3n Acceso a Grado Medio<\/a><\/p>\n<p>&nbsp;<\/p>\n<p>&nbsp;<\/p>\n<p>[\/vc_column_text][\/vc_column_inner][vc_column_inner width=\u00bb1\/2&#8243;][vc_column_text uncode_shortcode_id=\u00bb123656&#8243;]<\/p>\n<h4>Acceso a Grado Superior modalidad Presencial<\/h4>\n<p><a href=\"https:\/\/drive.google.com\/file\/d\/1gSektMieSCPcxy89DPtEWaGVPdP409x1\/view?usp=drive_link\">Ex\u00e1menes de 3.\u00aa evaluaci\u00f3n de Acceso a Grado Superior Presencial<\/a><\/p>\n<p>&nbsp;<\/p>\n<h4>Acceso a Grado Superior modalidad a Distancia<\/h4>\n<p><a href=\"https:\/\/drive.google.com\/file\/d\/1A-AFyI4Sp6s_yHHDgEkmPC3TNDPrlKG0\/view?usp=drive_link\">Ex\u00e1menes de 3.\u00aa evaluaci\u00f3n Acceso a Grado Superior a Distancia<\/a><\/p>\n<p>&nbsp;<\/p>\n<p>&nbsp;<\/p>\n<p>&nbsp;<\/p>\n<p>[\/vc_column_text][\/vc_column_inner][\/vc_row_inner][\/vc_column][\/vc_row]<\/p>\n<\/div>","protected":false},"excerpt":{"rendered":"<p>Las fechas de ex\u00e1menes de evaluaci\u00f3n o de cuatrimestre se publican con al menos 15 d\u00edas de antelaci\u00f3n.<\/p>\n","protected":false},"author":1,"featured_media":792,"parent":789,"menu_order":0,"comment_status":"closed","ping_status":"closed","template":"","meta":{"footnotes":""},"class_list":["post-832","page","type-page","status-publish","has-post-thumbnail","hentry","page_category-acceso-a-alumnos"],"_links":{"self":[{"href":"https:\/\/iesnapa.educacion.navarra.es\/web\/wp-json\/wp\/v2\/pages\/832"}],"collection":[{"href":"https:\/\/iesnapa.educacion.navarra.es\/web\/wp-json\/wp\/v2\/pages"}],"about":[{"href":"https:\/\/iesnapa.educacion.navarra.es\/web\/wp-json\/wp\/v2\/types\/page"}],"author":[{"embeddable":true,"href":"https:\/\/iesnapa.educacion.navarra.es\/web\/wp-json\/wp\/v2\/users\/1"}],"replies":[{"embeddable":true,"href":"https:\/\/iesnapa.educacion.navarra.es\/web\/wp-json\/wp\/v2\/comments?post=832"}],"version-history":[{"count":181,"href":"https:\/\/iesnapa.educacion.navarra.es\/web\/wp-json\/wp\/v2\/pages\/832\/revisions"}],"predecessor-version":[{"id":5736,"href":"https:\/\/iesnapa.educacion.navarra.es\/web\/wp-json\/wp\/v2\/pages\/832\/revisions\/5736"}],"up":[{"embeddable":true,"href":"https:\/\/iesnapa.educacion.navarra.es\/web\/wp-json\/wp\/v2\/pages\/789"}],"wp:featuredmedia":[{"embeddable":true,"href":"https:\/\/iesnapa.educacion.navarra.es\/web\/wp-json\/wp\/v2\/media\/792"}],"wp:attachment":[{"href":"https:\/\/iesnapa.educacion.navarra.es\/web\/wp-json\/wp\/v2\/media?parent=832"}],"curies":[{"name":"wp","href":"https:\/\/api.w.org\/{rel}","templated":true}]}}