{"id":933,"date":"2020-12-09T17:43:56","date_gmt":"2020-12-09T17:43:56","guid":{"rendered":"https:\/\/iesnapa.educacion.navarra.es\/web\/?page_id=933"},"modified":"2021-11-24T09:21:37","modified_gmt":"2021-11-24T08:21:37","slug":"aula-virtual","status":"publish","type":"page","link":"https:\/\/iesnapa.educacion.navarra.es\/web\/acceso-a-alumnos\/aula-virtual\/","title":{"rendered":"Aula virtual"},"content":{"rendered":"<div class=\"wpb-content-wrapper\"><p>[vc_row row_height_percent=\u00bb0&#8243; override_padding=\u00bbyes\u00bb h_padding=\u00bb5&#8243; top_padding=\u00bb2&#8243; bottom_padding=\u00bb2&#8243; back_color=\u00bbarena-urabayen\u00bb overlay_alpha=\u00bb50&#8243; gutter_size=\u00bb1&#8243; column_width_percent=\u00bb100&#8243; shift_y=\u00bb0&#8243; z_index=\u00bb0&#8243; el_class=\u00bbinforma\u00bb][vc_column column_width_percent=\u00bb100&#8243; align_horizontal=\u00bbalign_center\u00bb gutter_size=\u00bb3&#8243; overlay_alpha=\u00bb50&#8243; shift_x=\u00bb0&#8243; shift_y=\u00bb0&#8243; shift_y_down=\u00bb0&#8243; z_index=\u00bb0&#8243; medium_width=\u00bb0&#8243; mobile_width=\u00bb0&#8243; width=\u00bb1\/2&#8243;][vc_button size=\u00bbbtn-xl\u00bb border_width=\u00bb0&#8243; link=\u00bburl:https%3A%2F%2Fiesnapa.educacion.navarra.es%2Fmoodle2%2F|target:_blank\u00bb uncode_shortcode_id=\u00bb913899&#8243;]Ir al Aula virtual[\/vc_button][\/vc_column][vc_column width=\u00bb1\/2&#8243;][vc_column_text uncode_shortcode_id=\u00bb151620&#8243;]Para acceder a los contenidos es necesario estar matriculado en el centro. Una vez matriculado debes seguir atentamente los pasos que figuran en el siguiente documento:<\/p>\n<p><strong><a href=\"https:\/\/iesnapa.educacion.navarra.es\/web\/wp-content\/uploads\/2021\/11\/Instrucciones-Aula-Virtual-Correo_educacion.pdf\" target=\"_blank\" rel=\"noopener noreferrer\">Instrucciones del acceso al aula virtual <i class=\"fa fa-link3 fa-1x fa-fw\"><\/i><\/a><\/strong>[\/vc_column_text][\/vc_column][\/vc_row]<\/p>\n<\/div>","protected":false},"excerpt":{"rendered":"<p>El objetivo del Aula Virtual es dotar a los alumnos de una herramienta m\u00e1s para cursar con aprovechamiento las ense\u00f1anzas que aqu\u00ed se imparten, accediendo a los materiales did\u00e1cticos preparados por cada profesor.<\/p>\n","protected":false},"author":1,"featured_media":792,"parent":789,"menu_order":0,"comment_status":"closed","ping_status":"closed","template":"","meta":{"footnotes":""},"class_list":["post-933","page","type-page","status-publish","has-post-thumbnail","hentry","page_category-acceso-a-alumnos"],"_links":{"self":[{"href":"https:\/\/iesnapa.educacion.navarra.es\/web\/wp-json\/wp\/v2\/pages\/933"}],"collection":[{"href":"https:\/\/iesnapa.educacion.navarra.es\/web\/wp-json\/wp\/v2\/pages"}],"about":[{"href":"https:\/\/iesnapa.educacion.navarra.es\/web\/wp-json\/wp\/v2\/types\/page"}],"author":[{"embeddable":true,"href":"https:\/\/iesnapa.educacion.navarra.es\/web\/wp-json\/wp\/v2\/users\/1"}],"replies":[{"embeddable":true,"href":"https:\/\/iesnapa.educacion.navarra.es\/web\/wp-json\/wp\/v2\/comments?post=933"}],"version-history":[{"count":18,"href":"https:\/\/iesnapa.educacion.navarra.es\/web\/wp-json\/wp\/v2\/pages\/933\/revisions"}],"predecessor-version":[{"id":2841,"href":"https:\/\/iesnapa.educacion.navarra.es\/web\/wp-json\/wp\/v2\/pages\/933\/revisions\/2841"}],"up":[{"embeddable":true,"href":"https:\/\/iesnapa.educacion.navarra.es\/web\/wp-json\/wp\/v2\/pages\/789"}],"wp:featuredmedia":[{"embeddable":true,"href":"https:\/\/iesnapa.educacion.navarra.es\/web\/wp-json\/wp\/v2\/media\/792"}],"wp:attachment":[{"href":"https:\/\/iesnapa.educacion.navarra.es\/web\/wp-json\/wp\/v2\/media?parent=933"}],"curies":[{"name":"wp","href":"https:\/\/api.w.org\/{rel}","templated":true}]}}